{"id":20746,"date":"2022-05-19T09:13:29","date_gmt":"2022-05-19T14:13:29","guid":{"rendered":"https:\/\/solex.biz\/webinars?page_id=20746"},"modified":"2023-10-04T10:02:44","modified_gmt":"2023-10-04T15:02:44","slug":"seminario-iso55000-2022-por-que-tu-organizacion-debe-implementar-gestion-de-activos-con-soporte-de-tecnologia-de-la-informacion","status":"publish","type":"page","link":"https:\/\/solex.biz\/webinars\/seminario-iso55000-2022-por-que-tu-organizacion-debe-implementar-gestion-de-activos-con-soporte-de-tecnologia-de-la-informacion\/","title":{"rendered":"Seminario ISO 55000 2022 | \u00bfPor qu\u00e9 tu organizaci\u00f3n debe\u00a0implementar Gesti\u00f3n de Activos con\u00a0soporte de Tecnolog\u00eda de la Informaci\u00f3n?"},"content":{"rendered":"<p>[et_pb_section fb_built=\u00bb1&#8243; _builder_version=\u00bb4.16&#8243; background_color=\u00bb#FFFFFF\u00bb custom_margin=\u00bb||||false|false\u00bb custom_padding=\u00bb0px||0px||false|false\u00bb top_divider_color=\u00bb#FFFFFF\u00bb top_divider_height=\u00bb80px\u00bb top_divider_repeat=\u00bb0x\u00bb top_divider_flip=\u00bbvertical\u00bb global_colors_info=\u00bb{}\u00bb][et_pb_row _builder_version=\u00bb4.16&#8243; _module_preset=\u00bbdefault\u00bb custom_padding=\u00bb23px||23px||true|\u00bb global_colors_info=\u00bb{}\u00bb][et_pb_column type=\u00bb4_4&#8243; _builder_version=\u00bb4.16&#8243; _module_preset=\u00bbdefault\u00bb global_colors_info=\u00bb{}\u00bb][et_pb_code _builder_version=\u00bb4.16&#8243; _module_preset=\u00bbdefault\u00bb custom_margin=\u00bb||||false|false\u00bb global_colors_info=\u00bb{}\u00bb]<form data-sf-form-id='20741' data-is-rtl='0' data-maintain-state='' data-results-url='https:\/\/solex.biz\/webinars\/?sfid=20741' data-ajax-url='https:\/\/solex.biz\/webinars\/?sfid=20741&amp;sf_data=results' data-ajax-form-url='https:\/\/solex.biz\/webinars\/?sfid=20741&amp;sf_action=get_data&amp;sf_data=form' data-display-result-method='archive' data-use-history-api='1' data-template-loaded='0' data-lang-code='es' data-ajax='1' data-ajax-data-type='html' data-ajax-links-selector='.pagination a' data-ajax-target='#main' data-ajax-pagination-type='normal' data-update-ajax-url='1' data-only-results-ajax='1' data-scroll-to-pos='0' data-init-paged='1' data-auto-update='1' action='https:\/\/solex.biz\/webinars\/?sfid=20741' method='post' class='searchandfilter' id='search-filter-form-20741' autocomplete='off' data-instance-count='1'><ul><li class=\"sf-field-taxonomy-seminario_iso_55000_2022\" data-sf-field-name=\"_sft_seminario_iso_55000_2022\" data-sf-field-type=\"taxonomy\" data-sf-field-input-type=\"select\">\t\t<label>\n\t\t\t\t   \t\t<select name=\"_sft_seminario_iso_55000_2022[]\" class=\"sf-input-select\" title=\"\">\n\t\t\t\t\t\t  \t\t\t<option class=\"sf-level-0 sf-item-0 sf-option-active\" selected=\"selected\" data-sf-count=\"0\" data-sf-depth=\"0\" value=\"\">Todas las presentaciones<\/option>\n\t\t\t\t\t\t\t\t\t\t\t<option class=\"sf-level-0 sf-item-917\" data-sf-count=\"1\" data-sf-depth=\"0\" value=\"por-que-tu-organizacion-debe-implementar-gestion-de-activos-con-soporte-de-tecnologia-de-la-informacion-luis-amendola-pmm-innovation-group\">\u00bfPor qu\u00e9 tu organizaci\u00f3n debe\u00a0implementar Gesti\u00f3n de Activos con\u00a0soporte de Tecnolog\u00eda de la Informaci\u00f3n? | Luis\u00a0Amendola &#8211; PMM INNOVATION GROUP\u00a0\u200b&nbsp;&nbsp;(1)<\/option>\n\t\t\t\t\t\t\t\t\t\t\t<option class=\"sf-level-0 sf-item-918\" data-sf-count=\"5\" data-sf-depth=\"0\" value=\"apalancando-los-datos-y-la-inteligencia-artificial-en-la-gestion-de-activos-leveraging-data-and-ai-in-asset-management-mitch-simon-ibm\">Apalancando los Datos y la Inteligencia Artificial en la Gesti\u00f3n de Activos.\u00a0\u200b(Leveraging\u00a0Data and AI in\u00a0Asset\u00a0Management)\u200b | Mitch Simon &#8211; IBM&nbsp;&nbsp;(5)<\/option>\n\t\t\t\t\t\t\t\t\t\t\t<option class=\"sf-level-0 sf-item-919\" data-sf-count=\"4\" data-sf-depth=\"0\" value=\"certificandose-en-la-iso-55000-ivan-dario-pineda-chec\">Certific\u00e1ndose en la ISO 55000\u200b | Iv\u00e1n Dar\u00edo Pineda &#8211; CHEC&nbsp;&nbsp;(4)<\/option>\n\t\t\t\t\t\t\t\t\t\t\t<option class=\"sf-level-0 sf-item-921\" data-sf-count=\"2\" data-sf-depth=\"0\" value=\"funcionalidades-de-ibm-maximo-para-la-iso-55000-javier-garcia-solex\">Funcionalidades de IBM Maximo para la ISO 55000 | Javier Garcia &#8211; Solex&nbsp;&nbsp;(2)<\/option>\n\t\t\t\t\t\t\t\t\t\t\t<option class=\"sf-level-0 sf-item-920\" data-sf-count=\"3\" data-sf-depth=\"0\" value=\"gestion-de-activos-en-cens-eduard-acevedo-cens\">Gesti\u00f3n de Activos en CENS | Eduard Acevedo &#8211; CENS&nbsp;&nbsp;(3)<\/option>\n\t\t\t\t\t\t\t\t\t\t\t<option class=\"sf-level-0 sf-item-916\" data-sf-count=\"7\" data-sf-depth=\"0\" value=\"maximo-como-herramienta-estrategica-para-la-implementacion-del-sistema-de-gestion-de-activos-juan-david-paredes-cedenar\">Maximo como herramienta estrat\u00e9gica para la implementaci\u00f3n del sistema de Gesti\u00f3n de Activos | \u00a0Juan David Paredes &#8211; CEDENAR&nbsp;&nbsp;(7)<\/option>\n\t\t\t\t\t\t\t\t\t\t\t<\/select><\/label>\t\t\t\t\t\t\t\t\t\t<\/li><\/ul><\/form>[\/et_pb_code][\/et_pb_column][\/et_pb_row][\/et_pb_section][et_pb_section fb_built=\u00bb1&#8243; next_background_color=\u00bb#ffffff\u00bb _builder_version=\u00bb4.22.1&#8243; background_color=\u00bb#083185&#8243; background_image=\u00bbhttps:\/\/solex.biz\/webinars\/wp-content\/uploads\/2023\/06\/banner-interior-op.webp\u00bb background_size=\u00bbinitial\u00bb background_position=\u00bbbottom_right\u00bb custom_margin=\u00bb||||false|false\u00bb custom_padding=\u00bb||44px||false|false\u00bb top_divider_color=\u00bb#FFFFFF\u00bb top_divider_height=\u00bb80px\u00bb top_divider_repeat=\u00bb0x\u00bb top_divider_flip=\u00bbvertical\u00bb bottom_divider_style=\u00bbcurve\u00bb bottom_divider_height=\u00bb39px\u00bb bottom_divider_repeat=\u00bb1x\u00bb bottom_divider_flip=\u00bbvertical\u00bb global_colors_info=\u00bb{}\u00bb locked=\u00bboff\u00bb][et_pb_row _builder_version=\u00bb4.16&#8243; width=\u00bb85%\u00bb max_width=\u00bb100%\u00bb custom_padding=\u00bb16px||0px||false|\u00bb global_colors_info=\u00bb{}\u00bb][et_pb_column type=\u00bb4_4&#8243; _builder_version=\u00bb4.16&#8243; global_colors_info=\u00bb{}\u00bb][et_pb_text _builder_version=\u00bb4.22.1&#8243; text_font=\u00bb|700|||||||\u00bb text_text_color=\u00bb#ffffff\u00bb text_font_size=\u00bb24px\u00bb header_text_color=\u00bb#218dc6&#8243; header_font_size=\u00bb40px\u00bb background_color=\u00bb#0097D3&#8243; text_orientation=\u00bbcenter\u00bb custom_margin=\u00bb||23px||false|false\u00bb custom_padding=\u00bb6px||6px||true|false\u00bb border_radii=\u00bbon|31px|31px|31px|31px\u00bb locked=\u00bboff\u00bb global_colors_info=\u00bb{}\u00bb]<\/p>\n<p>ISO 55000<\/p>\n<p>[\/et_pb_text][et_pb_text _builder_version=\u00bb4.22.1&#8243; header_text_color=\u00bb#FFFFFF\u00bb header_2_text_color=\u00bb#FFFFFF\u00bb custom_margin=\u00bb14px||14px||true|false\u00bb global_colors_info=\u00bb{}\u00bb]<\/p>\n<h2 style=\"text-align: center;\">Generando Valor durante todo el Ciclo de Vida de los Activos con IBM MAXIMO.<\/h2>\n<p>[\/et_pb_text][\/et_pb_column][\/et_pb_row][\/et_pb_section][et_pb_section fb_built=\u00bb1&#8243; _builder_version=\u00bb4.22.1&#8243; width=\u00bb90%\u00bb module_alignment=\u00bbcenter\u00bb custom_margin=\u00bb||||false|false\u00bb custom_padding=\u00bb||||false|false\u00bb top_divider_color=\u00bb#d6d6d6&#8243; locked=\u00bboff\u00bb global_colors_info=\u00bb{}\u00bb][et_pb_row column_structure=\u00bb1_2,1_2&#8243; _builder_version=\u00bb4.22.1&#8243; _module_preset=\u00bbdefault\u00bb width=\u00bb100%\u00bb global_colors_info=\u00bb{}\u00bb][et_pb_column type=\u00bb1_2&#8243; _builder_version=\u00bb4.22.1&#8243; _module_preset=\u00bbdefault\u00bb global_colors_info=\u00bb{}\u00bb][et_pb_code _builder_version=\u00bb4.22.1&#8243; text_orientation=\u00bbcenter\u00bb custom_margin=\u00bb||||false|false\u00bb custom_padding=\u00bb||||false|false\u00bb hover_enabled=\u00bb0&#8243; border_radii=\u00bbon|11px|11px|11px|11px\u00bb box_shadow_style=\u00bbpreset1&#8243; global_colors_info=\u00bb{}\u00bb sticky_enabled=\u00bb0&#8243;]<iframe loading=\"lazy\" src=\"https:\/\/player.vimeo.com\/video\/709554217\" width=\"640\" height=\"360\" frameborder=\"0\" allowfullscreen=\"allowfullscreen\"><\/iframe>[\/et_pb_code][\/et_pb_column][et_pb_column type=\u00bb1_2&#8243; _builder_version=\u00bb4.22.1&#8243; _module_preset=\u00bbdefault\u00bb global_colors_info=\u00bb{}\u00bb][et_pb_heading title=\u00bb\u00bfPor qu\u00e9 tu organizaci\u00f3n debe\u00a0implementar Gesti\u00f3n de Activos con\u00a0soporte de Tecnolog\u00eda de la Informaci\u00f3n?\u00bb _builder_version=\u00bb4.22.1&#8243; _module_preset=\u00bbdefault\u00bb title_text_color=\u00bb#083185&#8243; custom_margin=\u00bb44px|||||\u00bb hover_enabled=\u00bb0&#8243; global_colors_info=\u00bb{}\u00bb sticky_enabled=\u00bb0&#8243;][\/et_pb_heading][et_pb_text _builder_version=\u00bb4.22.1&#8243; text_text_color=\u00bb#000000&#8243; header_text_color=\u00bb#FFFFFF\u00bb header_2_text_color=\u00bb#FFFFFF\u00bb custom_margin=\u00bb||||true|false\u00bb custom_padding=\u00bb||0px|||\u00bb hover_enabled=\u00bb0&#8243; global_colors_info=\u00bb{}\u00bb sticky_enabled=\u00bb0&#8243;]<\/p>\n<h2><span style=\"color: #0097d3;\">Luz Amendola<\/span><\/h2>\n<p>CEO &amp; International\u00a0Expert<br \/><strong>PMM Innovation Group<\/strong><\/p>\n<p>[\/et_pb_text][\/et_pb_column][\/et_pb_row][\/et_pb_section]<\/p>\n","protected":false},"excerpt":{"rendered":"<p><form data-sf-form-id='20741' data-is-rtl='0' data-maintain-state='' data-results-url='https:\/\/solex.biz\/webinars\/?sfid=20741' data-ajax-url='https:\/\/solex.biz\/webinars\/?sfid=20741&amp;sf_data=results' data-ajax-form-url='https:\/\/solex.biz\/webinars\/?sfid=20741&amp;sf_action=get_data&amp;sf_data=form' data-display-result-method='archive' data-use-history-api='1' data-template-loaded='0' data-lang-code='es' data-ajax='1' data-ajax-data-type='html' data-ajax-links-selector='.pagination a' data-ajax-target='#main' data-ajax-pagination-type='normal' data-update-ajax-url='1' data-only-results-ajax='1' data-scroll-to-pos='0' data-init-paged='1' data-auto-update='1' action='https:\/\/solex.biz\/webinars\/?sfid=20741' method='post' class='searchandfilter' id='search-filter-form-20741' autocomplete='off' data-instance-count='2'><ul><li class=\"sf-field-taxonomy-seminario_iso_55000_2022\" data-sf-field-name=\"_sft_seminario_iso_55000_2022\" data-sf-field-type=\"taxonomy\" data-sf-field-input-type=\"select\">\t\t<label>\n\t\t\t\t   \t\t<select name=\"_sft_seminario_iso_55000_2022[]\" class=\"sf-input-select\" title=\"\">\n\t\t\t\t\t\t  \t\t\t<option class=\"sf-level-0 sf-item-0 sf-option-active\" selected=\"selected\" data-sf-count=\"0\" data-sf-depth=\"0\" value=\"\">Todas las presentaciones<\/option>\n\t\t\t\t\t\t\t\t\t\t\t<option class=\"sf-level-0 sf-item-917\" data-sf-count=\"1\" data-sf-depth=\"0\" value=\"por-que-tu-organizacion-debe-implementar-gestion-de-activos-con-soporte-de-tecnologia-de-la-informacion-luis-amendola-pmm-innovation-group\">\u00bfPor qu\u00e9 tu organizaci\u00f3n debe\u00a0implementar Gesti\u00f3n de Activos con\u00a0soporte de Tecnolog\u00eda de la Informaci\u00f3n? | Luis\u00a0Amendola &#8211; PMM INNOVATION GROUP\u00a0\u200b&nbsp;&nbsp;(1)<\/option>\n\t\t\t\t\t\t\t\t\t\t\t<option class=\"sf-level-0 sf-item-918\" data-sf-count=\"5\" data-sf-depth=\"0\" value=\"apalancando-los-datos-y-la-inteligencia-artificial-en-la-gestion-de-activos-leveraging-data-and-ai-in-asset-management-mitch-simon-ibm\">Apalancando los Datos y la Inteligencia Artificial en la Gesti\u00f3n de Activos.\u00a0\u200b(Leveraging\u00a0Data and AI in\u00a0Asset\u00a0Management)\u200b | Mitch Simon &#8211; IBM&nbsp;&nbsp;(5)<\/option>\n\t\t\t\t\t\t\t\t\t\t\t<option class=\"sf-level-0 sf-item-919\" data-sf-count=\"4\" data-sf-depth=\"0\" value=\"certificandose-en-la-iso-55000-ivan-dario-pineda-chec\">Certific\u00e1ndose en la ISO 55000\u200b | Iv\u00e1n Dar\u00edo Pineda &#8211; CHEC&nbsp;&nbsp;(4)<\/option>\n\t\t\t\t\t\t\t\t\t\t\t<option class=\"sf-level-0 sf-item-921\" data-sf-count=\"2\" data-sf-depth=\"0\" value=\"funcionalidades-de-ibm-maximo-para-la-iso-55000-javier-garcia-solex\">Funcionalidades de IBM Maximo para la ISO 55000 | Javier Garcia &#8211; Solex&nbsp;&nbsp;(2)<\/option>\n\t\t\t\t\t\t\t\t\t\t\t<option class=\"sf-level-0 sf-item-920\" data-sf-count=\"3\" data-sf-depth=\"0\" value=\"gestion-de-activos-en-cens-eduard-acevedo-cens\">Gesti\u00f3n de Activos en CENS | Eduard Acevedo &#8211; CENS&nbsp;&nbsp;(3)<\/option>\n\t\t\t\t\t\t\t\t\t\t\t<option class=\"sf-level-0 sf-item-916\" data-sf-count=\"7\" data-sf-depth=\"0\" value=\"maximo-como-herramienta-estrategica-para-la-implementacion-del-sistema-de-gestion-de-activos-juan-david-paredes-cedenar\">Maximo como herramienta estrat\u00e9gica para la implementaci\u00f3n del sistema de Gesti\u00f3n de Activos | \u00a0Juan David Paredes &#8211; CEDENAR&nbsp;&nbsp;(7)<\/option>\n\t\t\t\t\t\t\t\t\t\t\t<\/select><\/label>\t\t\t\t\t\t\t\t\t\t<\/li><\/ul><\/form>ISO 55000Generando Valor durante todo el Ciclo de Vida de los Activos con IBM MAXIMO.Luz Amendola CEO &amp; International\u00a0ExpertPMM Innovation Group<\/p>\n","protected":false},"author":23,"featured_media":0,"parent":0,"menu_order":0,"comment_status":"closed","ping_status":"closed","template":"","meta":{"_et_pb_use_builder":"on","_et_pb_old_content":"","_et_gb_content_width":"","footnotes":""},"class_list":["post-20746","page","type-page","status-publish","hentry"],"yoast_head":"<!-- This site is optimized with the Yoast SEO plugin v27.3 - https:\/\/yoast.com\/product\/yoast-seo-wordpress\/ -->\n<title>Seminario ISO 55000 2022 | \u00bfPor qu\u00e9 tu organizaci\u00f3n debe\u00a0implementar Gesti\u00f3n de Activos con\u00a0soporte de Tecnolog\u00eda de la Informaci\u00f3n? | Solex<\/title>\n<meta name=\"robots\" content=\"index, follow, max-snippet:-1, max-image-preview:large, max-video-preview:-1\" \/>\n<link rel=\"canonical\" href=\"https:\/\/solex.biz\/webinars\/seminario-iso55000-2022-por-que-tu-organizacion-debe-implementar-gestion-de-activos-con-soporte-de-tecnologia-de-la-informacion\/\" \/>\n<meta property=\"og:locale\" content=\"es_ES\" \/>\n<meta property=\"og:type\" content=\"article\" \/>\n<meta property=\"og:title\" content=\"Seminario ISO 55000 2022 | \u00bfPor qu\u00e9 tu organizaci\u00f3n debe\u00a0implementar Gesti\u00f3n de Activos con\u00a0soporte de Tecnolog\u00eda de la Informaci\u00f3n? | Solex\" \/>\n<meta property=\"og:url\" content=\"https:\/\/solex.biz\/webinars\/seminario-iso55000-2022-por-que-tu-organizacion-debe-implementar-gestion-de-activos-con-soporte-de-tecnologia-de-la-informacion\/\" \/>\n<meta property=\"og:site_name\" content=\"Solex\" \/>\n<meta property=\"article:publisher\" content=\"https:\/\/www.facebook.com\/solex.chile\/\" \/>\n<meta property=\"article:modified_time\" content=\"2023-10-04T15:02:44+00:00\" \/>\n<meta name=\"twitter:card\" content=\"summary_large_image\" \/>\n<meta name=\"twitter:site\" content=\"@SOLEX_OFICIAL\" \/>\n<meta name=\"twitter:label1\" content=\"Tiempo de lectura\" \/>\n\t<meta name=\"twitter:data1\" content=\"1 minuto\" \/>\n<script type=\"application\/ld+json\" class=\"yoast-schema-graph\">{\"@context\":\"https:\\\/\\\/schema.org\",\"@graph\":[{\"@type\":\"WebPage\",\"@id\":\"https:\\\/\\\/solex.biz\\\/webinars\\\/seminario-iso55000-2022-por-que-tu-organizacion-debe-implementar-gestion-de-activos-con-soporte-de-tecnologia-de-la-informacion\\\/\",\"url\":\"https:\\\/\\\/solex.biz\\\/webinars\\\/seminario-iso55000-2022-por-que-tu-organizacion-debe-implementar-gestion-de-activos-con-soporte-de-tecnologia-de-la-informacion\\\/\",\"name\":\"Seminario ISO 55000 2022 | \u00bfPor qu\u00e9 tu organizaci\u00f3n debe\u00a0implementar Gesti\u00f3n de Activos con\u00a0soporte de Tecnolog\u00eda de la Informaci\u00f3n? | Solex\",\"isPartOf\":{\"@id\":\"https:\\\/\\\/solex.biz\\\/webinars\\\/#website\"},\"datePublished\":\"2022-05-19T14:13:29+00:00\",\"dateModified\":\"2023-10-04T15:02:44+00:00\",\"breadcrumb\":{\"@id\":\"https:\\\/\\\/solex.biz\\\/webinars\\\/seminario-iso55000-2022-por-que-tu-organizacion-debe-implementar-gestion-de-activos-con-soporte-de-tecnologia-de-la-informacion\\\/#breadcrumb\"},\"inLanguage\":\"es\",\"potentialAction\":[{\"@type\":\"ReadAction\",\"target\":[\"https:\\\/\\\/solex.biz\\\/webinars\\\/seminario-iso55000-2022-por-que-tu-organizacion-debe-implementar-gestion-de-activos-con-soporte-de-tecnologia-de-la-informacion\\\/\"]}]},{\"@type\":\"BreadcrumbList\",\"@id\":\"https:\\\/\\\/solex.biz\\\/webinars\\\/seminario-iso55000-2022-por-que-tu-organizacion-debe-implementar-gestion-de-activos-con-soporte-de-tecnologia-de-la-informacion\\\/#breadcrumb\",\"itemListElement\":[{\"@type\":\"ListItem\",\"position\":1,\"name\":\"Portada\",\"item\":\"https:\\\/\\\/solex.biz\\\/webinars\\\/\"},{\"@type\":\"ListItem\",\"position\":2,\"name\":\"Seminario ISO 55000 2022 | \u00bfPor qu\u00e9 tu organizaci\u00f3n debe\u00a0implementar Gesti\u00f3n de Activos con\u00a0soporte de Tecnolog\u00eda de la Informaci\u00f3n?\"}]},{\"@type\":\"WebSite\",\"@id\":\"https:\\\/\\\/solex.biz\\\/webinars\\\/#website\",\"url\":\"https:\\\/\\\/solex.biz\\\/webinars\\\/\",\"name\":\"Solex\",\"description\":\"\",\"publisher\":{\"@id\":\"https:\\\/\\\/solex.biz\\\/webinars\\\/#organization\"},\"potentialAction\":[{\"@type\":\"SearchAction\",\"target\":{\"@type\":\"EntryPoint\",\"urlTemplate\":\"https:\\\/\\\/solex.biz\\\/webinars\\\/?s={search_term_string}\"},\"query-input\":{\"@type\":\"PropertyValueSpecification\",\"valueRequired\":true,\"valueName\":\"search_term_string\"}}],\"inLanguage\":\"es\"},{\"@type\":\"Organization\",\"@id\":\"https:\\\/\\\/solex.biz\\\/webinars\\\/#organization\",\"name\":\"Solex\",\"url\":\"https:\\\/\\\/solex.biz\\\/webinars\\\/\",\"logo\":{\"@type\":\"ImageObject\",\"inLanguage\":\"es\",\"@id\":\"https:\\\/\\\/solex.biz\\\/webinars\\\/#\\\/schema\\\/logo\\\/image\\\/\",\"url\":\"\",\"contentUrl\":\"\",\"caption\":\"Solex\"},\"image\":{\"@id\":\"https:\\\/\\\/solex.biz\\\/webinars\\\/#\\\/schema\\\/logo\\\/image\\\/\"},\"sameAs\":[\"https:\\\/\\\/www.facebook.com\\\/solex.chile\\\/\",\"https:\\\/\\\/x.com\\\/SOLEX_OFICIAL\"]}]}<\/script>\n<!-- \/ Yoast SEO plugin. -->","yoast_head_json":{"title":"Seminario ISO 55000 2022 | \u00bfPor qu\u00e9 tu organizaci\u00f3n debe\u00a0implementar Gesti\u00f3n de Activos con\u00a0soporte de Tecnolog\u00eda de la Informaci\u00f3n? | Solex","robots":{"index":"index","follow":"follow","max-snippet":"max-snippet:-1","max-image-preview":"max-image-preview:large","max-video-preview":"max-video-preview:-1"},"canonical":"https:\/\/solex.biz\/webinars\/seminario-iso55000-2022-por-que-tu-organizacion-debe-implementar-gestion-de-activos-con-soporte-de-tecnologia-de-la-informacion\/","og_locale":"es_ES","og_type":"article","og_title":"Seminario ISO 55000 2022 | \u00bfPor qu\u00e9 tu organizaci\u00f3n debe\u00a0implementar Gesti\u00f3n de Activos con\u00a0soporte de Tecnolog\u00eda de la Informaci\u00f3n? | Solex","og_url":"https:\/\/solex.biz\/webinars\/seminario-iso55000-2022-por-que-tu-organizacion-debe-implementar-gestion-de-activos-con-soporte-de-tecnologia-de-la-informacion\/","og_site_name":"Solex","article_publisher":"https:\/\/www.facebook.com\/solex.chile\/","article_modified_time":"2023-10-04T15:02:44+00:00","twitter_card":"summary_large_image","twitter_site":"@SOLEX_OFICIAL","twitter_misc":{"Tiempo de lectura":"1 minuto"},"schema":{"@context":"https:\/\/schema.org","@graph":[{"@type":"WebPage","@id":"https:\/\/solex.biz\/webinars\/seminario-iso55000-2022-por-que-tu-organizacion-debe-implementar-gestion-de-activos-con-soporte-de-tecnologia-de-la-informacion\/","url":"https:\/\/solex.biz\/webinars\/seminario-iso55000-2022-por-que-tu-organizacion-debe-implementar-gestion-de-activos-con-soporte-de-tecnologia-de-la-informacion\/","name":"Seminario ISO 55000 2022 | \u00bfPor qu\u00e9 tu organizaci\u00f3n debe\u00a0implementar Gesti\u00f3n de Activos con\u00a0soporte de Tecnolog\u00eda de la Informaci\u00f3n? | Solex","isPartOf":{"@id":"https:\/\/solex.biz\/webinars\/#website"},"datePublished":"2022-05-19T14:13:29+00:00","dateModified":"2023-10-04T15:02:44+00:00","breadcrumb":{"@id":"https:\/\/solex.biz\/webinars\/seminario-iso55000-2022-por-que-tu-organizacion-debe-implementar-gestion-de-activos-con-soporte-de-tecnologia-de-la-informacion\/#breadcrumb"},"inLanguage":"es","potentialAction":[{"@type":"ReadAction","target":["https:\/\/solex.biz\/webinars\/seminario-iso55000-2022-por-que-tu-organizacion-debe-implementar-gestion-de-activos-con-soporte-de-tecnologia-de-la-informacion\/"]}]},{"@type":"BreadcrumbList","@id":"https:\/\/solex.biz\/webinars\/seminario-iso55000-2022-por-que-tu-organizacion-debe-implementar-gestion-de-activos-con-soporte-de-tecnologia-de-la-informacion\/#breadcrumb","itemListElement":[{"@type":"ListItem","position":1,"name":"Portada","item":"https:\/\/solex.biz\/webinars\/"},{"@type":"ListItem","position":2,"name":"Seminario ISO 55000 2022 | \u00bfPor qu\u00e9 tu organizaci\u00f3n debe\u00a0implementar Gesti\u00f3n de Activos con\u00a0soporte de Tecnolog\u00eda de la Informaci\u00f3n?"}]},{"@type":"WebSite","@id":"https:\/\/solex.biz\/webinars\/#website","url":"https:\/\/solex.biz\/webinars\/","name":"Solex","description":"","publisher":{"@id":"https:\/\/solex.biz\/webinars\/#organization"},"potentialAction":[{"@type":"SearchAction","target":{"@type":"EntryPoint","urlTemplate":"https:\/\/solex.biz\/webinars\/?s={search_term_string}"},"query-input":{"@type":"PropertyValueSpecification","valueRequired":true,"valueName":"search_term_string"}}],"inLanguage":"es"},{"@type":"Organization","@id":"https:\/\/solex.biz\/webinars\/#organization","name":"Solex","url":"https:\/\/solex.biz\/webinars\/","logo":{"@type":"ImageObject","inLanguage":"es","@id":"https:\/\/solex.biz\/webinars\/#\/schema\/logo\/image\/","url":"","contentUrl":"","caption":"Solex"},"image":{"@id":"https:\/\/solex.biz\/webinars\/#\/schema\/logo\/image\/"},"sameAs":["https:\/\/www.facebook.com\/solex.chile\/","https:\/\/x.com\/SOLEX_OFICIAL"]}]}},"_links":{"self":[{"href":"https:\/\/solex.biz\/webinars\/wp-json\/wp\/v2\/pages\/20746","targetHints":{"allow":["GET"]}}],"collection":[{"href":"https:\/\/solex.biz\/webinars\/wp-json\/wp\/v2\/pages"}],"about":[{"href":"https:\/\/solex.biz\/webinars\/wp-json\/wp\/v2\/types\/page"}],"author":[{"embeddable":true,"href":"https:\/\/solex.biz\/webinars\/wp-json\/wp\/v2\/users\/23"}],"replies":[{"embeddable":true,"href":"https:\/\/solex.biz\/webinars\/wp-json\/wp\/v2\/comments?post=20746"}],"version-history":[{"count":5,"href":"https:\/\/solex.biz\/webinars\/wp-json\/wp\/v2\/pages\/20746\/revisions"}],"predecessor-version":[{"id":24955,"href":"https:\/\/solex.biz\/webinars\/wp-json\/wp\/v2\/pages\/20746\/revisions\/24955"}],"wp:attachment":[{"href":"https:\/\/solex.biz\/webinars\/wp-json\/wp\/v2\/media?parent=20746"}],"curies":[{"name":"wp","href":"https:\/\/api.w.org\/{rel}","templated":true}]}}