{"id":16721,"date":"2021-04-21T16:03:14","date_gmt":"2021-04-21T21:03:14","guid":{"rendered":"https:\/\/solex.biz\/webinars?page_id=16721"},"modified":"2023-10-11T12:14:39","modified_gmt":"2023-10-11T17:14:39","slug":"como-impacta-iso55000-proyectos-inversion","status":"publish","type":"page","link":"https:\/\/solex.biz\/webinars\/como-impacta-iso55000-proyectos-inversion\/","title":{"rendered":"Seminario ISO 55000 2021 | C\u00f3mo impacta la ISO 55000 en los proyectos de inversi\u00f3n"},"content":{"rendered":"<p>[et_pb_section fb_built=\u00bb1&#8243; _builder_version=\u00bb4.16&#8243; background_color=\u00bb#FFFFFF\u00bb custom_margin=\u00bb||||false|false\u00bb custom_padding=\u00bb0px||0px||false|false\u00bb top_divider_color=\u00bb#FFFFFF\u00bb top_divider_height=\u00bb80px\u00bb top_divider_repeat=\u00bb0x\u00bb top_divider_flip=\u00bbvertical\u00bb global_colors_info=\u00bb{}\u00bb][et_pb_row _builder_version=\u00bb4.16&#8243; _module_preset=\u00bbdefault\u00bb custom_padding=\u00bb12px||12px||true|\u00bb global_colors_info=\u00bb{}\u00bb][et_pb_column type=\u00bb4_4&#8243; _builder_version=\u00bb4.16&#8243; _module_preset=\u00bbdefault\u00bb global_colors_info=\u00bb{}\u00bb][et_pb_code _builder_version=\u00bb4.16&#8243; _module_preset=\u00bbdefault\u00bb custom_margin=\u00bb||||false|false\u00bb global_colors_info=\u00bb{}\u00bb]<form data-sf-form-id='16850' data-is-rtl='0' data-maintain-state='' data-results-url='https:\/\/solex.biz\/webinars\/iso\/' data-ajax-url='https:\/\/solex.biz\/webinars\/iso\/?sf_data=results' data-ajax-form-url='https:\/\/solex.biz\/webinars\/?sfid=16850&amp;sf_action=get_data&amp;sf_data=form' data-display-result-method='archive' data-use-history-api='1' data-template-loaded='0' data-lang-code='es' data-ajax='1' data-ajax-data-type='html' data-ajax-links-selector='.pagination a' data-ajax-target='#main' data-ajax-pagination-type='normal' data-update-ajax-url='1' data-only-results-ajax='1' data-scroll-to-pos='0' data-init-paged='1' data-auto-update='1' action='https:\/\/solex.biz\/webinars\/iso\/' method='post' class='searchandfilter' id='search-filter-form-16850' autocomplete='off' data-instance-count='1'><ul><li class=\"sf-field-taxonomy-seminario_iso_2021\" data-sf-field-name=\"_sft_seminario_iso_2021\" data-sf-field-type=\"taxonomy\" data-sf-field-input-type=\"select\">\t\t<label>\n\t\t\t\t   \t\t<select name=\"_sft_seminario_iso_2021[]\" class=\"sf-input-select\" title=\"\">\n\t\t\t\t\t\t  \t\t\t<option class=\"sf-level-0 sf-item-0 sf-option-active\" selected=\"selected\" data-sf-count=\"0\" data-sf-depth=\"0\" value=\"\">Todas las presentaciones<\/option>\n\t\t\t\t\t\t\t\t\t\t\t<option class=\"sf-level-0 sf-item-822\" data-sf-count=\"1\" data-sf-depth=\"0\" value=\"abordando-el-riesgo-y-manejo-del-cambio-en-la-gestion-de-activos-astrid-yolima-ramirez-empresas-publicas-de-medellin-epm\">Abordando el riesgo y manejo del cambio en la Gesti\u00f3n de Activos | Astrid Yolima Ramirez &#8211; Empresas Publicas de Medellin (EPM)<\/option>\n\t\t\t\t\t\t\t\t\t\t\t<option class=\"sf-level-0 sf-item-823\" data-sf-count=\"1\" data-sf-depth=\"0\" value=\"alineamiento-beneficios-y-buenas-practicas-leonardo-pinilla-strategy-iso-55-000\">Alineamiento beneficios y buenas practicas | Leonardo Pinilla &#8211; Strategy ISO 55.000<\/option>\n\t\t\t\t\t\t\t\t\t\t\t<option class=\"sf-level-0 sf-item-820\" data-sf-count=\"1\" data-sf-depth=\"0\" value=\"avanzando-del-mantenimiento-reactivo-al-predictivo-andre-gusmao-ibm-technology-sales-latin-america\">Avanzando del mantenimiento reactivo al predictivo | Andre Gusmao &#8211; IBM Technology Sales Latin America<\/option>\n\t\t\t\t\t\t\t\t\t\t\t<option class=\"sf-level-0 sf-item-818\" data-sf-count=\"1\" data-sf-depth=\"0\" value=\"como-impacta-la-iso-55000-en-los-proyectos-de-inversion-lilian-gomez-energia-de-pereira\">C\u00f3mo impacta la ISO 55000 en los proyectos de inversi\u00f3n | Lilian G\u00f3mez &#8211; Energ\u00eda de Pereira<\/option>\n\t\t\t\t\t\t\t\t\t\t\t<option class=\"sf-level-0 sf-item-819\" data-sf-count=\"1\" data-sf-depth=\"0\" value=\"experiencia-en-el-camino-hacia-la-iso-55-000-oscar-duvan-vargas-daza-chec\">Experiencia en el camino hacia la ISO 55.000 | Oscar Duvan Vargas Daza &#8211; CHEC<\/option>\n\t\t\t\t\t\t\t\t\t\t\t<option class=\"sf-level-0 sf-item-817\" data-sf-count=\"0\" data-sf-depth=\"0\" value=\"iso-55-000-e-ibm-maximo-javier-garcia-solex\">ISO 55.000 e IBM Maximo | Javier Garc\u00eda &#8211; Solex<\/option>\n\t\t\t\t\t\t\t\t\t\t\t<option class=\"sf-level-0 sf-item-821\" data-sf-count=\"1\" data-sf-depth=\"0\" value=\"lecciones-aprendidas-en-gestion-del-cambio-para-la-gestion-de-activos-luz-adriana-zapata-solex\">Lecciones aprendidas en Gesti\u00f3n del Cambio para la Gesti\u00f3n de Activos | Luz Adriana Zapata &#8211; Solex<\/option>\n\t\t\t\t\t\t\t\t\t\t\t<\/select><\/label>\t\t\t\t\t\t\t\t\t\t<\/li><\/ul><\/form>[\/et_pb_code][\/et_pb_column][\/et_pb_row][\/et_pb_section][et_pb_section fb_built=\u00bb1&#8243; next_background_color=\u00bb#ffffff\u00bb _builder_version=\u00bb4.22.1&#8243; background_color=\u00bb#083185&#8243; background_image=\u00bbhttps:\/\/solex.biz\/webinars\/wp-content\/uploads\/2023\/06\/banner-interior-op.webp\u00bb background_size=\u00bbinitial\u00bb background_position=\u00bbbottom_right\u00bb custom_margin=\u00bb||||false|false\u00bb custom_padding=\u00bb||44px||false|false\u00bb top_divider_color=\u00bb#FFFFFF\u00bb top_divider_height=\u00bb80px\u00bb top_divider_repeat=\u00bb0x\u00bb top_divider_flip=\u00bbvertical\u00bb bottom_divider_style=\u00bbcurve\u00bb bottom_divider_height=\u00bb39px\u00bb bottom_divider_repeat=\u00bb1x\u00bb bottom_divider_flip=\u00bbvertical\u00bb locked=\u00bboff\u00bb global_colors_info=\u00bb{}\u00bb][et_pb_row _builder_version=\u00bb4.16&#8243; width=\u00bb85%\u00bb max_width=\u00bb100%\u00bb custom_padding=\u00bb16px||0px||false|\u00bb global_colors_info=\u00bb{}\u00bb][et_pb_column type=\u00bb4_4&#8243; _builder_version=\u00bb4.16&#8243; global_colors_info=\u00bb{}\u00bb][et_pb_text _builder_version=\u00bb4.22.1&#8243; text_font=\u00bb|700|||||||\u00bb text_text_color=\u00bb#ffffff\u00bb text_font_size=\u00bb24px\u00bb header_text_color=\u00bb#218dc6&#8243; header_font_size=\u00bb40px\u00bb background_color=\u00bb#0097D3&#8243; text_orientation=\u00bbcenter\u00bb custom_margin=\u00bb||23px||false|false\u00bb custom_padding=\u00bb6px||6px||true|false\u00bb border_radii=\u00bbon|31px|31px|31px|31px\u00bb locked=\u00bboff\u00bb global_colors_info=\u00bb{}\u00bb]<\/p>\n<p>ISO 55000<\/p>\n<p>[\/et_pb_text][et_pb_text _builder_version=\u00bb4.22.1&#8243; header_text_color=\u00bb#FFFFFF\u00bb header_2_text_color=\u00bb#FFFFFF\u00bb custom_margin=\u00bb14px||14px||true|false\u00bb global_colors_info=\u00bb{}\u00bb]<\/p>\n<h2 style=\"text-align: center;\">Generando Valor durante todo el Ciclo de Vida de los Activos con IBM MAXIMO.<\/h2>\n<p>[\/et_pb_text][\/et_pb_column][\/et_pb_row][\/et_pb_section][et_pb_section fb_built=\u00bb1&#8243; _builder_version=\u00bb4.22.1&#8243; width=\u00bb90%\u00bb module_alignment=\u00bbcenter\u00bb custom_margin=\u00bb||||false|false\u00bb custom_padding=\u00bb||||false|false\u00bb top_divider_color=\u00bb#d6d6d6&#8243; locked=\u00bboff\u00bb global_colors_info=\u00bb{}\u00bb][et_pb_row column_structure=\u00bb1_2,1_2&#8243; _builder_version=\u00bb4.22.1&#8243; _module_preset=\u00bbdefault\u00bb width=\u00bb100%\u00bb global_colors_info=\u00bb{}\u00bb][et_pb_column type=\u00bb1_2&#8243; _builder_version=\u00bb4.22.1&#8243; _module_preset=\u00bbdefault\u00bb global_colors_info=\u00bb{}\u00bb][et_pb_code _builder_version=\u00bb4.22.1&#8243; text_orientation=\u00bbcenter\u00bb custom_margin=\u00bb||||false|false\u00bb custom_padding=\u00bb||||false|false\u00bb hover_enabled=\u00bb0&#8243; border_radii=\u00bbon|11px|11px|11px|11px\u00bb box_shadow_style=\u00bbpreset1&#8243; global_colors_info=\u00bb{}\u00bb sticky_enabled=\u00bb0&#8243;]<iframe loading=\"lazy\" src=\"https:\/\/player.vimeo.com\/video\/539776722\" width=\"640\" height=\"360\" frameborder=\"0\" allow=\"autoplay; fullscreen; picture-in-picture\" allowfullscreen><\/iframe>[\/et_pb_code][\/et_pb_column][et_pb_column type=\u00bb1_2&#8243; _builder_version=\u00bb4.22.1&#8243; _module_preset=\u00bbdefault\u00bb global_colors_info=\u00bb{}\u00bb][et_pb_heading title=\u00bbC\u00f3mo impacta la ISO 55000 en los proyectos de inversi\u00f3n\u00bb _builder_version=\u00bb4.22.1&#8243; _module_preset=\u00bbdefault\u00bb title_text_color=\u00bb#083185&#8243; custom_margin=\u00bb44px|||||\u00bb hover_enabled=\u00bb0&#8243; global_colors_info=\u00bb{}\u00bb sticky_enabled=\u00bb0&#8243;][\/et_pb_heading][et_pb_text _builder_version=\u00bb4.22.1&#8243; text_text_color=\u00bb#000000&#8243; header_text_color=\u00bb#FFFFFF\u00bb header_2_text_color=\u00bb#FFFFFF\u00bb custom_margin=\u00bb||||true|false\u00bb custom_padding=\u00bb||0px|||\u00bb hover_enabled=\u00bb0&#8243; global_colors_info=\u00bb{}\u00bb sticky_enabled=\u00bb0&#8243;]<\/p>\n<h2><span style=\"color: #0097d3;\">Lilian G\u00f3mez<\/span><\/h2>\n<p>Subgerente de Expansi\u00f3n<br \/><b>Energ\u00eda de Pereira<\/b><\/p>\n<p>[\/et_pb_text][\/et_pb_column][\/et_pb_row][\/et_pb_section][et_pb_section fb_built=\u00bb1&#8243; _builder_version=\u00bb4.22.1&#8243; _module_preset=\u00bbdefault\u00bb background_color=\u00bb#f2f3f5&#8243; top_divider_style=\u00bbcurve\u00bb top_divider_color=\u00bb#ffffff\u00bb locked=\u00bboff\u00bb global_colors_info=\u00bb{}\u00bb][et_pb_row _builder_version=\u00bb4.22.1&#8243; _module_preset=\u00bbdefault\u00bb custom_padding=\u00bb85px|||||\u00bb global_colors_info=\u00bb{}\u00bb][et_pb_column type=\u00bb4_4&#8243; _builder_version=\u00bb4.22.1&#8243; _module_preset=\u00bbdefault\u00bb global_colors_info=\u00bb{}\u00bb][et_pb_heading title=\u00bbPresentaci\u00f3n \u00bb _builder_version=\u00bb4.22.1&#8243; _module_preset=\u00bbdefault\u00bb title_text_align=\u00bbcenter\u00bb title_text_color=\u00bb#083185&#8243; hover_enabled=\u00bb0&#8243; global_colors_info=\u00bb{}\u00bb sticky_enabled=\u00bb0&#8243;][\/et_pb_heading][et_pb_code _builder_version=\u00bb4.22.1&#8243; _module_preset=\u00bbdefault\u00bb global_colors_info=\u00bb{}\u00bb]<div class=\"full-size 3d-flip-book \" data-id=\"16677\" data-mode=\"fullscreen\" data-title=\"false\" data-template=\"default\" data-lightbox=\"dark\" data-urlparam=\"fb3d-page\" data-page-n=\"0\" data-pdf=\"\" data-tax=\"null\" data-thumbnail=\"\" data-cols=\"3\"><\/div>[\/et_pb_code][et_pb_accordion open_toggle_text_color=\u00bb#0097D3&#8243; _builder_version=\u00bb4.22.1&#8243; _module_preset=\u00bbdefault\u00bb body_font_size=\u00bb13px\u00bb custom_margin=\u00bb||||false|false\u00bb custom_padding=\u00bb||||false|false\u00bb border_radii=\u00bbon|15px|15px|15px|15px\u00bb global_colors_info=\u00bb{}\u00bb][et_pb_accordion_item title=\u00bb1-. \u00bfEl Plan de implementaci\u00f3n desde el inicio se plante\u00f3 a 6 a\u00f1os? En qu\u00e9 momento decidieron que sistema los acompa\u00f1ar\u00eda para la Gesti\u00f3n de Activos. ? \u00bb open=\u00bbon\u00bb _builder_version=\u00bb4.16&#8243; _module_preset=\u00bbdefault\u00bb body_line_height=\u00bb1.3em\u00bb custom_margin=\u00bb||5px||false|false\u00bb custom_padding=\u00bb||||false|false\u00bb global_colors_info=\u00bb{}\u00bb]<\/p>\n<p style=\"text-align: justify;\"><span data-contrast=\"auto\">Inicialmente la hoja de ruta fue planeada para cuatro a\u00f1os de implementaci\u00f3n del sistema de gesti\u00f3n de activos, cada a\u00f1o hacemos una auditor\u00eda y diagn\u00f3stico de gesti\u00f3n de activos basado en la norma ISO 55001. Estos resultados unidos a requerimientos y necesidades internas y externa a nuestra empresa nos ha ayudado a hacer un ajuste de la hoja de ruta.<\/span><span data-ccp-props=\"{&quot;201341983&quot;:0,&quot;335559739&quot;:160,&quot;335559740&quot;:259}\">\u00a0<\/span><\/p>\n<p style=\"text-align: justify;\"><span data-contrast=\"auto\">Nosotros estamos haciendo la implementaci\u00f3n del SGA basados en la norma ISO 55001, ya que, nuestro ente regul<\/span><span data-contrast=\"auto\">ador en Colombia exige que las empresas \u201cOperadore<\/span><span data-contrast=\"auto\">s de red\u201d se certifiquen en gesti\u00f3n de activos bajo norma ISO 55001<\/span><span data-ccp-props=\"{&quot;201341983&quot;:0,&quot;335559739&quot;:160,&quot;335559740&quot;:259}\">\u00a0<\/span><\/p>\n<p>[\/et_pb_accordion_item][et_pb_accordion_item title=\u00bb2-. \u00bfSe est\u00e1 entregando certificaci\u00f3n ISO 55000 en nuestros pa\u00edses? \u00bb _builder_version=\u00bb4.16&#8243; _module_preset=\u00bbdefault\u00bb body_line_height=\u00bb1.3em\u00bb custom_margin=\u00bb||5px||false|false\u00bb global_colors_info=\u00bb{}\u00bb open=\u00bboff\u00bb]<\/p>\n<p style=\"text-align: justify;\"><span data-contrast=\"auto\" xml:lang=\"ES\" lang=\"ES\" class=\"TextRun Highlight SCXW128423365 BCX0\"><span class=\"NormalTextRun SCXW128423365 BCX0\">Hemos tenido que buscar fuera del pa\u00eds, encontramos en Europa un par de empresas que pueden certificar en gesti\u00f3n de activos.<\/span><\/span><span class=\"EOP SCXW128423365 BCX0\" data-ccp-props=\"{&quot;201341983&quot;:0,&quot;335559739&quot;:160,&quot;335559740&quot;:259}\">\u00a0<\/span><\/p>\n<p>[\/et_pb_accordion_item][et_pb_accordion_item title=\u00bb3-. La gran mayor\u00eda de empresas del sector el\u00e9ctrico est\u00e1n trabajando en implementar la norma ISO 55.000. Ya que ustedes llevan un camino recorrido \u00bfCu\u00e1l es el punto de partida para iniciar con el proyecto? \u00bb _builder_version=\u00bb4.16&#8243; _module_preset=\u00bbdefault\u00bb body_line_height=\u00bb1.3em\u00bb custom_margin=\u00bb||5px||false|false\u00bb global_colors_info=\u00bb{}\u00bb open=\u00bboff\u00bb]<\/p>\n<p style=\"text-align: justify;\"><span data-contrast=\"auto\" xml:lang=\"ES\" lang=\"ES\" class=\"TextRun Highlight SCXW126858679 BCX0\"><span class=\"NormalTextRun SCXW126858679 BCX0\">Los directivos deben tener \u201cConciencia\u201d de los beneficios para la organizaci\u00f3n al implementar un sistema de gesti\u00f3n de activos, y en base a estos beneficios construir un caso de negocio y\/o hoja de ruta. Es importante contar con un asesor experto en gesti\u00f3n de directivos.<\/span><\/span><\/p>\n<p>[\/et_pb_accordion_item][et_pb_accordion_item title=\u00bb4-. \u00bfCu\u00e1les son los beneficios o bondades han identificado con Maximo para la gesti\u00f3n de activos? \u00bb _builder_version=\u00bb4.16&#8243; _module_preset=\u00bbdefault\u00bb body_line_height=\u00bb1.3em\u00bb custom_margin=\u00bb||5px||false|false\u00bb global_colors_info=\u00bb{}\u00bb open=\u00bboff\u00bb]<\/p>\n<p style=\"text-align: justify;\"><span data-contrast=\"auto\" xml:lang=\"ES\" lang=\"ES\" class=\"TextRun Highlight SCXW16876089 BCX0\"><span class=\"NormalTextRun SCXW16876089 BCX0\">Poder gestionar todo el ciclo de vida del activos desde m\u00e1ximo y la facilidad para hacer integraci\u00f3n con otras soluciones TI (de operaci\u00f3n, financiera, SCADA, entre otras)<\/span><\/span><span class=\"EOP SCXW16876089 BCX0\" data-ccp-props=\"{&quot;201341983&quot;:0,&quot;335559739&quot;:160,&quot;335559740&quot;:259}\">\u00a0<\/span><\/p>\n<p>[\/et_pb_accordion_item][\/et_pb_accordion][\/et_pb_column][\/et_pb_row][\/et_pb_section]<\/p>\n","protected":false},"excerpt":{"rendered":"<p><form data-sf-form-id='16850' data-is-rtl='0' data-maintain-state='' data-results-url='https:\/\/solex.biz\/webinars\/iso\/' data-ajax-url='https:\/\/solex.biz\/webinars\/iso\/?sf_data=results' data-ajax-form-url='https:\/\/solex.biz\/webinars\/?sfid=16850&amp;sf_action=get_data&amp;sf_data=form' data-display-result-method='archive' data-use-history-api='1' data-template-loaded='0' data-lang-code='es' data-ajax='1' data-ajax-data-type='html' data-ajax-links-selector='.pagination a' data-ajax-target='#main' data-ajax-pagination-type='normal' data-update-ajax-url='1' data-only-results-ajax='1' data-scroll-to-pos='0' data-init-paged='1' data-auto-update='1' action='https:\/\/solex.biz\/webinars\/iso\/' method='post' class='searchandfilter' id='search-filter-form-16850' autocomplete='off' data-instance-count='2'><ul><li class=\"sf-field-taxonomy-seminario_iso_2021\" data-sf-field-name=\"_sft_seminario_iso_2021\" data-sf-field-type=\"taxonomy\" data-sf-field-input-type=\"select\">\t\t<label>\n\t\t\t\t   \t\t<select name=\"_sft_seminario_iso_2021[]\" class=\"sf-input-select\" title=\"\">\n\t\t\t\t\t\t  \t\t\t<option class=\"sf-level-0 sf-item-0 sf-option-active\" selected=\"selected\" data-sf-count=\"0\" data-sf-depth=\"0\" value=\"\">Todas las presentaciones<\/option>\n\t\t\t\t\t\t\t\t\t\t\t<option class=\"sf-level-0 sf-item-822\" data-sf-count=\"1\" data-sf-depth=\"0\" value=\"abordando-el-riesgo-y-manejo-del-cambio-en-la-gestion-de-activos-astrid-yolima-ramirez-empresas-publicas-de-medellin-epm\">Abordando el riesgo y manejo del cambio en la Gesti\u00f3n de Activos | Astrid Yolima Ramirez &#8211; Empresas Publicas de Medellin (EPM)<\/option>\n\t\t\t\t\t\t\t\t\t\t\t<option class=\"sf-level-0 sf-item-823\" data-sf-count=\"1\" data-sf-depth=\"0\" value=\"alineamiento-beneficios-y-buenas-practicas-leonardo-pinilla-strategy-iso-55-000\">Alineamiento beneficios y buenas practicas | Leonardo Pinilla &#8211; Strategy ISO 55.000<\/option>\n\t\t\t\t\t\t\t\t\t\t\t<option class=\"sf-level-0 sf-item-820\" data-sf-count=\"1\" data-sf-depth=\"0\" value=\"avanzando-del-mantenimiento-reactivo-al-predictivo-andre-gusmao-ibm-technology-sales-latin-america\">Avanzando del mantenimiento reactivo al predictivo | Andre Gusmao &#8211; IBM Technology Sales Latin America<\/option>\n\t\t\t\t\t\t\t\t\t\t\t<option class=\"sf-level-0 sf-item-818\" data-sf-count=\"1\" data-sf-depth=\"0\" value=\"como-impacta-la-iso-55000-en-los-proyectos-de-inversion-lilian-gomez-energia-de-pereira\">C\u00f3mo impacta la ISO 55000 en los proyectos de inversi\u00f3n | Lilian G\u00f3mez &#8211; Energ\u00eda de Pereira<\/option>\n\t\t\t\t\t\t\t\t\t\t\t<option class=\"sf-level-0 sf-item-819\" data-sf-count=\"1\" data-sf-depth=\"0\" value=\"experiencia-en-el-camino-hacia-la-iso-55-000-oscar-duvan-vargas-daza-chec\">Experiencia en el camino hacia la ISO 55.000 | Oscar Duvan Vargas Daza &#8211; CHEC<\/option>\n\t\t\t\t\t\t\t\t\t\t\t<option class=\"sf-level-0 sf-item-817\" data-sf-count=\"0\" data-sf-depth=\"0\" value=\"iso-55-000-e-ibm-maximo-javier-garcia-solex\">ISO 55.000 e IBM Maximo | Javier Garc\u00eda &#8211; Solex<\/option>\n\t\t\t\t\t\t\t\t\t\t\t<option class=\"sf-level-0 sf-item-821\" data-sf-count=\"1\" data-sf-depth=\"0\" value=\"lecciones-aprendidas-en-gestion-del-cambio-para-la-gestion-de-activos-luz-adriana-zapata-solex\">Lecciones aprendidas en Gesti\u00f3n del Cambio para la Gesti\u00f3n de Activos | Luz Adriana Zapata &#8211; Solex<\/option>\n\t\t\t\t\t\t\t\t\t\t\t<\/select><\/label>\t\t\t\t\t\t\t\t\t\t<\/li><\/ul><\/form>ISO 55000Generando Valor durante todo el Ciclo de Vida de los Activos con IBM MAXIMO.Lilian G\u00f3mez Subgerente de Expansi\u00f3nEnerg\u00eda de Pereira<div class=\"full-size 3d-flip-book \" data-id=\"16677\" data-mode=\"fullscreen\" data-title=\"false\" data-template=\"default\" data-lightbox=\"dark\" data-urlparam=\"fb3d-page\" data-page-n=\"0\" data-pdf=\"\" data-tax=\"null\" data-thumbnail=\"\" data-cols=\"3\"><\/div>Inicialmente la hoja de ruta fue planeada para cuatro a\u00f1os de implementaci\u00f3n del sistema de gesti\u00f3n de activos, cada a\u00f1o hacemos una auditor\u00eda y diagn\u00f3stico de gesti\u00f3n de activos basado [&hellip;]<\/p>\n","protected":false},"author":1,"featured_media":0,"parent":0,"menu_order":0,"comment_status":"closed","ping_status":"closed","template":"","meta":{"_et_pb_use_builder":"on","_et_pb_old_content":"","_et_gb_content_width":"","footnotes":""},"class_list":["post-16721","page","type-page","status-publish","hentry"],"yoast_head":"<!-- This site is optimized with the Yoast SEO plugin v27.3 - https:\/\/yoast.com\/product\/yoast-seo-wordpress\/ -->\n<title>Seminario ISO 55000 2021 | C\u00f3mo impacta la ISO 55000 en los proyectos de inversi\u00f3n | Solex<\/title>\n<meta name=\"robots\" content=\"index, follow, max-snippet:-1, max-image-preview:large, max-video-preview:-1\" \/>\n<link rel=\"canonical\" href=\"https:\/\/solex.biz\/webinars\/como-impacta-iso55000-proyectos-inversion\/\" \/>\n<meta property=\"og:locale\" content=\"es_ES\" \/>\n<meta property=\"og:type\" content=\"article\" \/>\n<meta property=\"og:title\" content=\"Seminario ISO 55000 2021 | C\u00f3mo impacta la ISO 55000 en los proyectos de inversi\u00f3n | Solex\" \/>\n<meta property=\"og:url\" content=\"https:\/\/solex.biz\/webinars\/como-impacta-iso55000-proyectos-inversion\/\" \/>\n<meta property=\"og:site_name\" content=\"Solex\" \/>\n<meta property=\"article:publisher\" content=\"https:\/\/www.facebook.com\/solex.chile\/\" \/>\n<meta property=\"article:modified_time\" content=\"2023-10-11T17:14:39+00:00\" \/>\n<meta name=\"twitter:card\" content=\"summary_large_image\" \/>\n<meta name=\"twitter:site\" content=\"@SOLEX_OFICIAL\" \/>\n<meta name=\"twitter:label1\" content=\"Tiempo de lectura\" \/>\n\t<meta name=\"twitter:data1\" content=\"1 minuto\" \/>\n<script type=\"application\/ld+json\" class=\"yoast-schema-graph\">{\"@context\":\"https:\\\/\\\/schema.org\",\"@graph\":[{\"@type\":\"WebPage\",\"@id\":\"https:\\\/\\\/solex.biz\\\/webinars\\\/como-impacta-iso55000-proyectos-inversion\\\/\",\"url\":\"https:\\\/\\\/solex.biz\\\/webinars\\\/como-impacta-iso55000-proyectos-inversion\\\/\",\"name\":\"Seminario ISO 55000 2021 | C\u00f3mo impacta la ISO 55000 en los proyectos de inversi\u00f3n | Solex\",\"isPartOf\":{\"@id\":\"https:\\\/\\\/solex.biz\\\/webinars\\\/#website\"},\"datePublished\":\"2021-04-21T21:03:14+00:00\",\"dateModified\":\"2023-10-11T17:14:39+00:00\",\"breadcrumb\":{\"@id\":\"https:\\\/\\\/solex.biz\\\/webinars\\\/como-impacta-iso55000-proyectos-inversion\\\/#breadcrumb\"},\"inLanguage\":\"es\",\"potentialAction\":[{\"@type\":\"ReadAction\",\"target\":[\"https:\\\/\\\/solex.biz\\\/webinars\\\/como-impacta-iso55000-proyectos-inversion\\\/\"]}]},{\"@type\":\"BreadcrumbList\",\"@id\":\"https:\\\/\\\/solex.biz\\\/webinars\\\/como-impacta-iso55000-proyectos-inversion\\\/#breadcrumb\",\"itemListElement\":[{\"@type\":\"ListItem\",\"position\":1,\"name\":\"Portada\",\"item\":\"https:\\\/\\\/solex.biz\\\/webinars\\\/\"},{\"@type\":\"ListItem\",\"position\":2,\"name\":\"Seminario ISO 55000 2021 | C\u00f3mo impacta la ISO 55000 en los proyectos de inversi\u00f3n\"}]},{\"@type\":\"WebSite\",\"@id\":\"https:\\\/\\\/solex.biz\\\/webinars\\\/#website\",\"url\":\"https:\\\/\\\/solex.biz\\\/webinars\\\/\",\"name\":\"Solex\",\"description\":\"\",\"publisher\":{\"@id\":\"https:\\\/\\\/solex.biz\\\/webinars\\\/#organization\"},\"potentialAction\":[{\"@type\":\"SearchAction\",\"target\":{\"@type\":\"EntryPoint\",\"urlTemplate\":\"https:\\\/\\\/solex.biz\\\/webinars\\\/?s={search_term_string}\"},\"query-input\":{\"@type\":\"PropertyValueSpecification\",\"valueRequired\":true,\"valueName\":\"search_term_string\"}}],\"inLanguage\":\"es\"},{\"@type\":\"Organization\",\"@id\":\"https:\\\/\\\/solex.biz\\\/webinars\\\/#organization\",\"name\":\"Solex\",\"url\":\"https:\\\/\\\/solex.biz\\\/webinars\\\/\",\"logo\":{\"@type\":\"ImageObject\",\"inLanguage\":\"es\",\"@id\":\"https:\\\/\\\/solex.biz\\\/webinars\\\/#\\\/schema\\\/logo\\\/image\\\/\",\"url\":\"\",\"contentUrl\":\"\",\"caption\":\"Solex\"},\"image\":{\"@id\":\"https:\\\/\\\/solex.biz\\\/webinars\\\/#\\\/schema\\\/logo\\\/image\\\/\"},\"sameAs\":[\"https:\\\/\\\/www.facebook.com\\\/solex.chile\\\/\",\"https:\\\/\\\/x.com\\\/SOLEX_OFICIAL\"]}]}<\/script>\n<!-- \/ Yoast SEO plugin. -->","yoast_head_json":{"title":"Seminario ISO 55000 2021 | C\u00f3mo impacta la ISO 55000 en los proyectos de inversi\u00f3n | Solex","robots":{"index":"index","follow":"follow","max-snippet":"max-snippet:-1","max-image-preview":"max-image-preview:large","max-video-preview":"max-video-preview:-1"},"canonical":"https:\/\/solex.biz\/webinars\/como-impacta-iso55000-proyectos-inversion\/","og_locale":"es_ES","og_type":"article","og_title":"Seminario ISO 55000 2021 | C\u00f3mo impacta la ISO 55000 en los proyectos de inversi\u00f3n | Solex","og_url":"https:\/\/solex.biz\/webinars\/como-impacta-iso55000-proyectos-inversion\/","og_site_name":"Solex","article_publisher":"https:\/\/www.facebook.com\/solex.chile\/","article_modified_time":"2023-10-11T17:14:39+00:00","twitter_card":"summary_large_image","twitter_site":"@SOLEX_OFICIAL","twitter_misc":{"Tiempo de lectura":"1 minuto"},"schema":{"@context":"https:\/\/schema.org","@graph":[{"@type":"WebPage","@id":"https:\/\/solex.biz\/webinars\/como-impacta-iso55000-proyectos-inversion\/","url":"https:\/\/solex.biz\/webinars\/como-impacta-iso55000-proyectos-inversion\/","name":"Seminario ISO 55000 2021 | C\u00f3mo impacta la ISO 55000 en los proyectos de inversi\u00f3n | Solex","isPartOf":{"@id":"https:\/\/solex.biz\/webinars\/#website"},"datePublished":"2021-04-21T21:03:14+00:00","dateModified":"2023-10-11T17:14:39+00:00","breadcrumb":{"@id":"https:\/\/solex.biz\/webinars\/como-impacta-iso55000-proyectos-inversion\/#breadcrumb"},"inLanguage":"es","potentialAction":[{"@type":"ReadAction","target":["https:\/\/solex.biz\/webinars\/como-impacta-iso55000-proyectos-inversion\/"]}]},{"@type":"BreadcrumbList","@id":"https:\/\/solex.biz\/webinars\/como-impacta-iso55000-proyectos-inversion\/#breadcrumb","itemListElement":[{"@type":"ListItem","position":1,"name":"Portada","item":"https:\/\/solex.biz\/webinars\/"},{"@type":"ListItem","position":2,"name":"Seminario ISO 55000 2021 | C\u00f3mo impacta la ISO 55000 en los proyectos de inversi\u00f3n"}]},{"@type":"WebSite","@id":"https:\/\/solex.biz\/webinars\/#website","url":"https:\/\/solex.biz\/webinars\/","name":"Solex","description":"","publisher":{"@id":"https:\/\/solex.biz\/webinars\/#organization"},"potentialAction":[{"@type":"SearchAction","target":{"@type":"EntryPoint","urlTemplate":"https:\/\/solex.biz\/webinars\/?s={search_term_string}"},"query-input":{"@type":"PropertyValueSpecification","valueRequired":true,"valueName":"search_term_string"}}],"inLanguage":"es"},{"@type":"Organization","@id":"https:\/\/solex.biz\/webinars\/#organization","name":"Solex","url":"https:\/\/solex.biz\/webinars\/","logo":{"@type":"ImageObject","inLanguage":"es","@id":"https:\/\/solex.biz\/webinars\/#\/schema\/logo\/image\/","url":"","contentUrl":"","caption":"Solex"},"image":{"@id":"https:\/\/solex.biz\/webinars\/#\/schema\/logo\/image\/"},"sameAs":["https:\/\/www.facebook.com\/solex.chile\/","https:\/\/x.com\/SOLEX_OFICIAL"]}]}},"_links":{"self":[{"href":"https:\/\/solex.biz\/webinars\/wp-json\/wp\/v2\/pages\/16721","targetHints":{"allow":["GET"]}}],"collection":[{"href":"https:\/\/solex.biz\/webinars\/wp-json\/wp\/v2\/pages"}],"about":[{"href":"https:\/\/solex.biz\/webinars\/wp-json\/wp\/v2\/types\/page"}],"author":[{"embeddable":true,"href":"https:\/\/solex.biz\/webinars\/wp-json\/wp\/v2\/users\/1"}],"replies":[{"embeddable":true,"href":"https:\/\/solex.biz\/webinars\/wp-json\/wp\/v2\/comments?post=16721"}],"version-history":[{"count":3,"href":"https:\/\/solex.biz\/webinars\/wp-json\/wp\/v2\/pages\/16721\/revisions"}],"predecessor-version":[{"id":25061,"href":"https:\/\/solex.biz\/webinars\/wp-json\/wp\/v2\/pages\/16721\/revisions\/25061"}],"wp:attachment":[{"href":"https:\/\/solex.biz\/webinars\/wp-json\/wp\/v2\/media?parent=16721"}],"curies":[{"name":"wp","href":"https:\/\/api.w.org\/{rel}","templated":true}]}}