{"id":16685,"date":"2021-04-21T14:39:29","date_gmt":"2021-04-21T19:39:29","guid":{"rendered":"https:\/\/solex.biz\/webinars?page_id=16685"},"modified":"2023-10-04T16:05:41","modified_gmt":"2023-10-04T21:05:41","slug":"lecciones-aprendidas-gestion-cambio-gestion-activos","status":"publish","type":"page","link":"https:\/\/solex.biz\/webinars\/lecciones-aprendidas-gestion-cambio-gestion-activos\/","title":{"rendered":"Seminario ISO 55000 2021 | Lecciones aprendidas en Gesti\u00f3n del Cambio para la Gesti\u00f3n de Activos"},"content":{"rendered":"<p>[et_pb_section fb_built=\u00bb1&#8243; _builder_version=\u00bb4.16&#8243; background_color=\u00bb#FFFFFF\u00bb custom_margin=\u00bb||||false|false\u00bb custom_padding=\u00bb0px||0px||false|false\u00bb top_divider_color=\u00bb#FFFFFF\u00bb top_divider_height=\u00bb80px\u00bb top_divider_repeat=\u00bb0x\u00bb top_divider_flip=\u00bbvertical\u00bb global_colors_info=\u00bb{}\u00bb][et_pb_row _builder_version=\u00bb4.16&#8243; _module_preset=\u00bbdefault\u00bb custom_padding=\u00bb12px||12px||true|\u00bb global_colors_info=\u00bb{}\u00bb][et_pb_column type=\u00bb4_4&#8243; _builder_version=\u00bb4.16&#8243; _module_preset=\u00bbdefault\u00bb global_colors_info=\u00bb{}\u00bb][et_pb_code _builder_version=\u00bb4.16&#8243; _module_preset=\u00bbdefault\u00bb custom_margin=\u00bb||||false|false\u00bb global_colors_info=\u00bb{}\u00bb]<form data-sf-form-id='16850' data-is-rtl='0' data-maintain-state='' data-results-url='https:\/\/solex.biz\/webinars\/iso\/' data-ajax-url='https:\/\/solex.biz\/webinars\/iso\/?sf_data=results' data-ajax-form-url='https:\/\/solex.biz\/webinars\/?sfid=16850&amp;sf_action=get_data&amp;sf_data=form' data-display-result-method='archive' data-use-history-api='1' data-template-loaded='0' data-lang-code='es' data-ajax='1' data-ajax-data-type='html' data-ajax-links-selector='.pagination a' data-ajax-target='#main' data-ajax-pagination-type='normal' data-update-ajax-url='1' data-only-results-ajax='1' data-scroll-to-pos='0' data-init-paged='1' data-auto-update='1' action='https:\/\/solex.biz\/webinars\/iso\/' method='post' class='searchandfilter' id='search-filter-form-16850' autocomplete='off' data-instance-count='1'><ul><li class=\"sf-field-taxonomy-seminario_iso_2021\" data-sf-field-name=\"_sft_seminario_iso_2021\" data-sf-field-type=\"taxonomy\" data-sf-field-input-type=\"select\">\t\t<label>\n\t\t\t\t   \t\t<select name=\"_sft_seminario_iso_2021[]\" class=\"sf-input-select\" title=\"\">\n\t\t\t\t\t\t  \t\t\t<option class=\"sf-level-0 sf-item-0 sf-option-active\" selected=\"selected\" data-sf-count=\"0\" data-sf-depth=\"0\" value=\"\">Todas las presentaciones<\/option>\n\t\t\t\t\t\t\t\t\t\t\t<option class=\"sf-level-0 sf-item-822\" data-sf-count=\"1\" data-sf-depth=\"0\" value=\"abordando-el-riesgo-y-manejo-del-cambio-en-la-gestion-de-activos-astrid-yolima-ramirez-empresas-publicas-de-medellin-epm\">Abordando el riesgo y manejo del cambio en la Gesti\u00f3n de Activos | Astrid Yolima Ramirez &#8211; Empresas Publicas de Medellin (EPM)<\/option>\n\t\t\t\t\t\t\t\t\t\t\t<option class=\"sf-level-0 sf-item-823\" data-sf-count=\"1\" data-sf-depth=\"0\" value=\"alineamiento-beneficios-y-buenas-practicas-leonardo-pinilla-strategy-iso-55-000\">Alineamiento beneficios y buenas practicas | Leonardo Pinilla &#8211; Strategy ISO 55.000<\/option>\n\t\t\t\t\t\t\t\t\t\t\t<option class=\"sf-level-0 sf-item-820\" data-sf-count=\"1\" data-sf-depth=\"0\" value=\"avanzando-del-mantenimiento-reactivo-al-predictivo-andre-gusmao-ibm-technology-sales-latin-america\">Avanzando del mantenimiento reactivo al predictivo | Andre Gusmao &#8211; IBM Technology Sales Latin America<\/option>\n\t\t\t\t\t\t\t\t\t\t\t<option class=\"sf-level-0 sf-item-818\" data-sf-count=\"1\" data-sf-depth=\"0\" value=\"como-impacta-la-iso-55000-en-los-proyectos-de-inversion-lilian-gomez-energia-de-pereira\">C\u00f3mo impacta la ISO 55000 en los proyectos de inversi\u00f3n | Lilian G\u00f3mez &#8211; Energ\u00eda de Pereira<\/option>\n\t\t\t\t\t\t\t\t\t\t\t<option class=\"sf-level-0 sf-item-819\" data-sf-count=\"1\" data-sf-depth=\"0\" value=\"experiencia-en-el-camino-hacia-la-iso-55-000-oscar-duvan-vargas-daza-chec\">Experiencia en el camino hacia la ISO 55.000 | Oscar Duvan Vargas Daza &#8211; CHEC<\/option>\n\t\t\t\t\t\t\t\t\t\t\t<option class=\"sf-level-0 sf-item-817\" data-sf-count=\"0\" data-sf-depth=\"0\" value=\"iso-55-000-e-ibm-maximo-javier-garcia-solex\">ISO 55.000 e IBM Maximo | Javier Garc\u00eda &#8211; Solex<\/option>\n\t\t\t\t\t\t\t\t\t\t\t<option class=\"sf-level-0 sf-item-821\" data-sf-count=\"1\" data-sf-depth=\"0\" value=\"lecciones-aprendidas-en-gestion-del-cambio-para-la-gestion-de-activos-luz-adriana-zapata-solex\">Lecciones aprendidas en Gesti\u00f3n del Cambio para la Gesti\u00f3n de Activos | Luz Adriana Zapata &#8211; Solex<\/option>\n\t\t\t\t\t\t\t\t\t\t\t<\/select><\/label>\t\t\t\t\t\t\t\t\t\t<\/li><\/ul><\/form>[\/et_pb_code][\/et_pb_column][\/et_pb_row][\/et_pb_section][et_pb_section fb_built=\u00bb1&#8243; next_background_color=\u00bb#ffffff\u00bb _builder_version=\u00bb4.22.1&#8243; background_color=\u00bb#083185&#8243; background_image=\u00bbhttps:\/\/solex.biz\/webinars\/wp-content\/uploads\/2023\/06\/banner-interior-op.webp\u00bb background_size=\u00bbinitial\u00bb background_position=\u00bbbottom_right\u00bb custom_margin=\u00bb||||false|false\u00bb custom_padding=\u00bb||44px||false|false\u00bb top_divider_color=\u00bb#FFFFFF\u00bb top_divider_height=\u00bb80px\u00bb top_divider_repeat=\u00bb0x\u00bb top_divider_flip=\u00bbvertical\u00bb bottom_divider_style=\u00bbcurve\u00bb bottom_divider_height=\u00bb39px\u00bb bottom_divider_repeat=\u00bb1x\u00bb bottom_divider_flip=\u00bbvertical\u00bb global_colors_info=\u00bb{}\u00bb locked=\u00bboff\u00bb][et_pb_row _builder_version=\u00bb4.16&#8243; width=\u00bb85%\u00bb max_width=\u00bb100%\u00bb custom_padding=\u00bb16px||0px||false|\u00bb global_colors_info=\u00bb{}\u00bb][et_pb_column type=\u00bb4_4&#8243; _builder_version=\u00bb4.16&#8243; global_colors_info=\u00bb{}\u00bb][et_pb_text _builder_version=\u00bb4.22.1&#8243; text_font=\u00bb|700|||||||\u00bb text_text_color=\u00bb#ffffff\u00bb text_font_size=\u00bb24px\u00bb header_text_color=\u00bb#218dc6&#8243; header_font_size=\u00bb40px\u00bb background_color=\u00bb#0097D3&#8243; text_orientation=\u00bbcenter\u00bb custom_margin=\u00bb||23px||false|false\u00bb custom_padding=\u00bb6px||6px||true|false\u00bb border_radii=\u00bbon|31px|31px|31px|31px\u00bb locked=\u00bboff\u00bb global_colors_info=\u00bb{}\u00bb]<\/p>\n<p>ISO 55000<\/p>\n<p>[\/et_pb_text][et_pb_text _builder_version=\u00bb4.22.1&#8243; header_text_color=\u00bb#FFFFFF\u00bb header_2_text_color=\u00bb#FFFFFF\u00bb custom_margin=\u00bb14px||14px||true|false\u00bb global_colors_info=\u00bb{}\u00bb]<\/p>\n<h2 style=\"text-align: center;\">Generando Valor durante todo el Ciclo de Vida de los Activos con IBM MAXIMO.<\/h2>\n<p>[\/et_pb_text][\/et_pb_column][\/et_pb_row][\/et_pb_section][et_pb_section fb_built=\u00bb1&#8243; _builder_version=\u00bb4.22.1&#8243; width=\u00bb90%\u00bb module_alignment=\u00bbcenter\u00bb custom_margin=\u00bb||||false|false\u00bb custom_padding=\u00bb||||false|false\u00bb top_divider_color=\u00bb#d6d6d6&#8243; locked=\u00bboff\u00bb global_colors_info=\u00bb{}\u00bb][et_pb_row column_structure=\u00bb1_2,1_2&#8243; _builder_version=\u00bb4.22.1&#8243; _module_preset=\u00bbdefault\u00bb width=\u00bb100%\u00bb global_colors_info=\u00bb{}\u00bb][et_pb_column type=\u00bb1_2&#8243; _builder_version=\u00bb4.22.1&#8243; _module_preset=\u00bbdefault\u00bb global_colors_info=\u00bb{}\u00bb][et_pb_code _builder_version=\u00bb4.22.1&#8243; text_orientation=\u00bbcenter\u00bb custom_margin=\u00bb||||false|false\u00bb custom_padding=\u00bb||||false|false\u00bb hover_enabled=\u00bb0&#8243; border_radii=\u00bbon|11px|11px|11px|11px\u00bb box_shadow_style=\u00bbpreset1&#8243; global_colors_info=\u00bb{}\u00bb sticky_enabled=\u00bb0&#8243;]<iframe loading=\"lazy\" src=\"https:\/\/player.vimeo.com\/video\/539361933\" width=\"640\" height=\"360\" frameborder=\"0\" allow=\"autoplay; fullscreen; picture-in-picture\" allowfullscreen><\/iframe>[\/et_pb_code][\/et_pb_column][et_pb_column type=\u00bb1_2&#8243; _builder_version=\u00bb4.22.1&#8243; _module_preset=\u00bbdefault\u00bb global_colors_info=\u00bb{}\u00bb][et_pb_heading title=\u00bbLecciones aprendidas en Gesti\u00f3n del Cambio para la Gesti\u00f3n de Activos\u00bb _builder_version=\u00bb4.22.1&#8243; _module_preset=\u00bbdefault\u00bb title_text_color=\u00bb#083185&#8243; custom_margin=\u00bb44px|||||\u00bb hover_enabled=\u00bb0&#8243; global_colors_info=\u00bb{}\u00bb sticky_enabled=\u00bb0&#8243;][\/et_pb_heading][et_pb_text _builder_version=\u00bb4.22.1&#8243; text_text_color=\u00bb#000000&#8243; header_text_color=\u00bb#FFFFFF\u00bb header_2_text_color=\u00bb#FFFFFF\u00bb custom_margin=\u00bb||||true|false\u00bb custom_padding=\u00bb||0px|||\u00bb hover_enabled=\u00bb0&#8243; global_colors_info=\u00bb{}\u00bb sticky_enabled=\u00bb0&#8243;]<\/p>\n<h2><span style=\"color: #0097d3;\">Luz Adriana Zapata<\/span><\/h2>\n<p>Consultora en Gesti\u00f3n de Cambio<br \/><b>Solex<\/b><\/p>\n<p>[\/et_pb_text][\/et_pb_column][\/et_pb_row][\/et_pb_section][et_pb_section fb_built=\u00bb1&#8243; _builder_version=\u00bb4.22.1&#8243; _module_preset=\u00bbdefault\u00bb background_color=\u00bb#f2f3f5&#8243; top_divider_style=\u00bbcurve\u00bb hover_enabled=\u00bb0&#8243; locked=\u00bboff\u00bb global_colors_info=\u00bb{}\u00bb top_divider_color=\u00bb#ffffff\u00bb sticky_enabled=\u00bb0&#8243;][et_pb_row _builder_version=\u00bb4.22.1&#8243; _module_preset=\u00bbdefault\u00bb custom_padding=\u00bb85px|||||\u00bb global_colors_info=\u00bb{}\u00bb][et_pb_column type=\u00bb4_4&#8243; _builder_version=\u00bb4.22.1&#8243; _module_preset=\u00bbdefault\u00bb global_colors_info=\u00bb{}\u00bb][et_pb_heading title=\u00bbPresentaci\u00f3n\u00bb _builder_version=\u00bb4.22.1&#8243; _module_preset=\u00bbdefault\u00bb title_text_align=\u00bbcenter\u00bb title_text_color=\u00bb#083185&#8243; global_colors_info=\u00bb{}\u00bb][\/et_pb_heading][et_pb_code _builder_version=\u00bb4.22.1&#8243; _module_preset=\u00bbdefault\u00bb global_colors_info=\u00bb{}\u00bb]<div class=\"full-size 3d-flip-book \" data-id=\"16675\" data-mode=\"fullscreen\" data-title=\"false\" data-template=\"default\" data-lightbox=\"dark\" data-urlparam=\"fb3d-page\" data-page-n=\"0\" data-pdf=\"\" data-tax=\"null\" data-thumbnail=\"\" data-cols=\"3\"><\/div>[\/et_pb_code][\/et_pb_column][\/et_pb_row][\/et_pb_section]<\/p>\n","protected":false},"excerpt":{"rendered":"<p><form data-sf-form-id='16850' data-is-rtl='0' data-maintain-state='' data-results-url='https:\/\/solex.biz\/webinars\/iso\/' data-ajax-url='https:\/\/solex.biz\/webinars\/iso\/?sf_data=results' data-ajax-form-url='https:\/\/solex.biz\/webinars\/?sfid=16850&amp;sf_action=get_data&amp;sf_data=form' data-display-result-method='archive' data-use-history-api='1' data-template-loaded='0' data-lang-code='es' data-ajax='1' data-ajax-data-type='html' data-ajax-links-selector='.pagination a' data-ajax-target='#main' data-ajax-pagination-type='normal' data-update-ajax-url='1' data-only-results-ajax='1' data-scroll-to-pos='0' data-init-paged='1' data-auto-update='1' action='https:\/\/solex.biz\/webinars\/iso\/' method='post' class='searchandfilter' id='search-filter-form-16850' autocomplete='off' data-instance-count='2'><ul><li class=\"sf-field-taxonomy-seminario_iso_2021\" data-sf-field-name=\"_sft_seminario_iso_2021\" data-sf-field-type=\"taxonomy\" data-sf-field-input-type=\"select\">\t\t<label>\n\t\t\t\t   \t\t<select name=\"_sft_seminario_iso_2021[]\" class=\"sf-input-select\" title=\"\">\n\t\t\t\t\t\t  \t\t\t<option class=\"sf-level-0 sf-item-0 sf-option-active\" selected=\"selected\" data-sf-count=\"0\" data-sf-depth=\"0\" value=\"\">Todas las presentaciones<\/option>\n\t\t\t\t\t\t\t\t\t\t\t<option class=\"sf-level-0 sf-item-822\" data-sf-count=\"1\" data-sf-depth=\"0\" value=\"abordando-el-riesgo-y-manejo-del-cambio-en-la-gestion-de-activos-astrid-yolima-ramirez-empresas-publicas-de-medellin-epm\">Abordando el riesgo y manejo del cambio en la Gesti\u00f3n de Activos | Astrid Yolima Ramirez &#8211; Empresas Publicas de Medellin (EPM)<\/option>\n\t\t\t\t\t\t\t\t\t\t\t<option class=\"sf-level-0 sf-item-823\" data-sf-count=\"1\" data-sf-depth=\"0\" value=\"alineamiento-beneficios-y-buenas-practicas-leonardo-pinilla-strategy-iso-55-000\">Alineamiento beneficios y buenas practicas | Leonardo Pinilla &#8211; Strategy ISO 55.000<\/option>\n\t\t\t\t\t\t\t\t\t\t\t<option class=\"sf-level-0 sf-item-820\" data-sf-count=\"1\" data-sf-depth=\"0\" value=\"avanzando-del-mantenimiento-reactivo-al-predictivo-andre-gusmao-ibm-technology-sales-latin-america\">Avanzando del mantenimiento reactivo al predictivo | Andre Gusmao &#8211; IBM Technology Sales Latin America<\/option>\n\t\t\t\t\t\t\t\t\t\t\t<option class=\"sf-level-0 sf-item-818\" data-sf-count=\"1\" data-sf-depth=\"0\" value=\"como-impacta-la-iso-55000-en-los-proyectos-de-inversion-lilian-gomez-energia-de-pereira\">C\u00f3mo impacta la ISO 55000 en los proyectos de inversi\u00f3n | Lilian G\u00f3mez &#8211; Energ\u00eda de Pereira<\/option>\n\t\t\t\t\t\t\t\t\t\t\t<option class=\"sf-level-0 sf-item-819\" data-sf-count=\"1\" data-sf-depth=\"0\" value=\"experiencia-en-el-camino-hacia-la-iso-55-000-oscar-duvan-vargas-daza-chec\">Experiencia en el camino hacia la ISO 55.000 | Oscar Duvan Vargas Daza &#8211; CHEC<\/option>\n\t\t\t\t\t\t\t\t\t\t\t<option class=\"sf-level-0 sf-item-817\" data-sf-count=\"0\" data-sf-depth=\"0\" value=\"iso-55-000-e-ibm-maximo-javier-garcia-solex\">ISO 55.000 e IBM Maximo | Javier Garc\u00eda &#8211; Solex<\/option>\n\t\t\t\t\t\t\t\t\t\t\t<option class=\"sf-level-0 sf-item-821\" data-sf-count=\"1\" data-sf-depth=\"0\" value=\"lecciones-aprendidas-en-gestion-del-cambio-para-la-gestion-de-activos-luz-adriana-zapata-solex\">Lecciones aprendidas en Gesti\u00f3n del Cambio para la Gesti\u00f3n de Activos | Luz Adriana Zapata &#8211; Solex<\/option>\n\t\t\t\t\t\t\t\t\t\t\t<\/select><\/label>\t\t\t\t\t\t\t\t\t\t<\/li><\/ul><\/form>ISO 55000Generando Valor durante todo el Ciclo de Vida de los Activos con IBM MAXIMO.Luz Adriana Zapata Consultora en Gesti\u00f3n de CambioSolex<div class=\"full-size 3d-flip-book \" data-id=\"16675\" data-mode=\"fullscreen\" data-title=\"false\" data-template=\"default\" data-lightbox=\"dark\" data-urlparam=\"fb3d-page\" data-page-n=\"0\" data-pdf=\"\" data-tax=\"null\" data-thumbnail=\"\" data-cols=\"3\"><\/div><\/p>\n","protected":false},"author":1,"featured_media":0,"parent":0,"menu_order":0,"comment_status":"closed","ping_status":"closed","template":"","meta":{"_et_pb_use_builder":"on","_et_pb_old_content":"","_et_gb_content_width":"","footnotes":""},"class_list":["post-16685","page","type-page","status-publish","hentry"],"yoast_head":"<!-- This site is optimized with the Yoast SEO plugin v27.3 - https:\/\/yoast.com\/product\/yoast-seo-wordpress\/ -->\n<title>Seminario ISO 55000 2021 | Lecciones aprendidas en Gesti\u00f3n del Cambio para la Gesti\u00f3n de Activos | Solex<\/title>\n<meta name=\"robots\" content=\"index, follow, max-snippet:-1, max-image-preview:large, max-video-preview:-1\" \/>\n<link rel=\"canonical\" href=\"https:\/\/solex.biz\/webinars\/lecciones-aprendidas-gestion-cambio-gestion-activos\/\" \/>\n<meta property=\"og:locale\" content=\"es_ES\" \/>\n<meta property=\"og:type\" content=\"article\" \/>\n<meta property=\"og:title\" content=\"Seminario ISO 55000 2021 | Lecciones aprendidas en Gesti\u00f3n del Cambio para la Gesti\u00f3n de Activos | Solex\" \/>\n<meta property=\"og:url\" content=\"https:\/\/solex.biz\/webinars\/lecciones-aprendidas-gestion-cambio-gestion-activos\/\" \/>\n<meta property=\"og:site_name\" content=\"Solex\" \/>\n<meta property=\"article:publisher\" content=\"https:\/\/www.facebook.com\/solex.chile\/\" \/>\n<meta property=\"article:modified_time\" content=\"2023-10-04T21:05:41+00:00\" \/>\n<meta name=\"twitter:card\" content=\"summary_large_image\" \/>\n<meta name=\"twitter:site\" content=\"@SOLEX_OFICIAL\" \/>\n<meta name=\"twitter:label1\" content=\"Tiempo de lectura\" \/>\n\t<meta name=\"twitter:data1\" content=\"1 minuto\" \/>\n<script type=\"application\/ld+json\" class=\"yoast-schema-graph\">{\"@context\":\"https:\\\/\\\/schema.org\",\"@graph\":[{\"@type\":\"WebPage\",\"@id\":\"https:\\\/\\\/solex.biz\\\/webinars\\\/lecciones-aprendidas-gestion-cambio-gestion-activos\\\/\",\"url\":\"https:\\\/\\\/solex.biz\\\/webinars\\\/lecciones-aprendidas-gestion-cambio-gestion-activos\\\/\",\"name\":\"Seminario ISO 55000 2021 | Lecciones aprendidas en Gesti\u00f3n del Cambio para la Gesti\u00f3n de Activos | Solex\",\"isPartOf\":{\"@id\":\"https:\\\/\\\/solex.biz\\\/webinars\\\/#website\"},\"datePublished\":\"2021-04-21T19:39:29+00:00\",\"dateModified\":\"2023-10-04T21:05:41+00:00\",\"breadcrumb\":{\"@id\":\"https:\\\/\\\/solex.biz\\\/webinars\\\/lecciones-aprendidas-gestion-cambio-gestion-activos\\\/#breadcrumb\"},\"inLanguage\":\"es\",\"potentialAction\":[{\"@type\":\"ReadAction\",\"target\":[\"https:\\\/\\\/solex.biz\\\/webinars\\\/lecciones-aprendidas-gestion-cambio-gestion-activos\\\/\"]}]},{\"@type\":\"BreadcrumbList\",\"@id\":\"https:\\\/\\\/solex.biz\\\/webinars\\\/lecciones-aprendidas-gestion-cambio-gestion-activos\\\/#breadcrumb\",\"itemListElement\":[{\"@type\":\"ListItem\",\"position\":1,\"name\":\"Portada\",\"item\":\"https:\\\/\\\/solex.biz\\\/webinars\\\/\"},{\"@type\":\"ListItem\",\"position\":2,\"name\":\"Seminario ISO 55000 2021 | Lecciones aprendidas en Gesti\u00f3n del Cambio para la Gesti\u00f3n de Activos\"}]},{\"@type\":\"WebSite\",\"@id\":\"https:\\\/\\\/solex.biz\\\/webinars\\\/#website\",\"url\":\"https:\\\/\\\/solex.biz\\\/webinars\\\/\",\"name\":\"Solex\",\"description\":\"\",\"publisher\":{\"@id\":\"https:\\\/\\\/solex.biz\\\/webinars\\\/#organization\"},\"potentialAction\":[{\"@type\":\"SearchAction\",\"target\":{\"@type\":\"EntryPoint\",\"urlTemplate\":\"https:\\\/\\\/solex.biz\\\/webinars\\\/?s={search_term_string}\"},\"query-input\":{\"@type\":\"PropertyValueSpecification\",\"valueRequired\":true,\"valueName\":\"search_term_string\"}}],\"inLanguage\":\"es\"},{\"@type\":\"Organization\",\"@id\":\"https:\\\/\\\/solex.biz\\\/webinars\\\/#organization\",\"name\":\"Solex\",\"url\":\"https:\\\/\\\/solex.biz\\\/webinars\\\/\",\"logo\":{\"@type\":\"ImageObject\",\"inLanguage\":\"es\",\"@id\":\"https:\\\/\\\/solex.biz\\\/webinars\\\/#\\\/schema\\\/logo\\\/image\\\/\",\"url\":\"\",\"contentUrl\":\"\",\"caption\":\"Solex\"},\"image\":{\"@id\":\"https:\\\/\\\/solex.biz\\\/webinars\\\/#\\\/schema\\\/logo\\\/image\\\/\"},\"sameAs\":[\"https:\\\/\\\/www.facebook.com\\\/solex.chile\\\/\",\"https:\\\/\\\/x.com\\\/SOLEX_OFICIAL\"]}]}<\/script>\n<!-- \/ Yoast SEO plugin. -->","yoast_head_json":{"title":"Seminario ISO 55000 2021 | Lecciones aprendidas en Gesti\u00f3n del Cambio para la Gesti\u00f3n de Activos | Solex","robots":{"index":"index","follow":"follow","max-snippet":"max-snippet:-1","max-image-preview":"max-image-preview:large","max-video-preview":"max-video-preview:-1"},"canonical":"https:\/\/solex.biz\/webinars\/lecciones-aprendidas-gestion-cambio-gestion-activos\/","og_locale":"es_ES","og_type":"article","og_title":"Seminario ISO 55000 2021 | Lecciones aprendidas en Gesti\u00f3n del Cambio para la Gesti\u00f3n de Activos | Solex","og_url":"https:\/\/solex.biz\/webinars\/lecciones-aprendidas-gestion-cambio-gestion-activos\/","og_site_name":"Solex","article_publisher":"https:\/\/www.facebook.com\/solex.chile\/","article_modified_time":"2023-10-04T21:05:41+00:00","twitter_card":"summary_large_image","twitter_site":"@SOLEX_OFICIAL","twitter_misc":{"Tiempo de lectura":"1 minuto"},"schema":{"@context":"https:\/\/schema.org","@graph":[{"@type":"WebPage","@id":"https:\/\/solex.biz\/webinars\/lecciones-aprendidas-gestion-cambio-gestion-activos\/","url":"https:\/\/solex.biz\/webinars\/lecciones-aprendidas-gestion-cambio-gestion-activos\/","name":"Seminario ISO 55000 2021 | Lecciones aprendidas en Gesti\u00f3n del Cambio para la Gesti\u00f3n de Activos | Solex","isPartOf":{"@id":"https:\/\/solex.biz\/webinars\/#website"},"datePublished":"2021-04-21T19:39:29+00:00","dateModified":"2023-10-04T21:05:41+00:00","breadcrumb":{"@id":"https:\/\/solex.biz\/webinars\/lecciones-aprendidas-gestion-cambio-gestion-activos\/#breadcrumb"},"inLanguage":"es","potentialAction":[{"@type":"ReadAction","target":["https:\/\/solex.biz\/webinars\/lecciones-aprendidas-gestion-cambio-gestion-activos\/"]}]},{"@type":"BreadcrumbList","@id":"https:\/\/solex.biz\/webinars\/lecciones-aprendidas-gestion-cambio-gestion-activos\/#breadcrumb","itemListElement":[{"@type":"ListItem","position":1,"name":"Portada","item":"https:\/\/solex.biz\/webinars\/"},{"@type":"ListItem","position":2,"name":"Seminario ISO 55000 2021 | Lecciones aprendidas en Gesti\u00f3n del Cambio para la Gesti\u00f3n de Activos"}]},{"@type":"WebSite","@id":"https:\/\/solex.biz\/webinars\/#website","url":"https:\/\/solex.biz\/webinars\/","name":"Solex","description":"","publisher":{"@id":"https:\/\/solex.biz\/webinars\/#organization"},"potentialAction":[{"@type":"SearchAction","target":{"@type":"EntryPoint","urlTemplate":"https:\/\/solex.biz\/webinars\/?s={search_term_string}"},"query-input":{"@type":"PropertyValueSpecification","valueRequired":true,"valueName":"search_term_string"}}],"inLanguage":"es"},{"@type":"Organization","@id":"https:\/\/solex.biz\/webinars\/#organization","name":"Solex","url":"https:\/\/solex.biz\/webinars\/","logo":{"@type":"ImageObject","inLanguage":"es","@id":"https:\/\/solex.biz\/webinars\/#\/schema\/logo\/image\/","url":"","contentUrl":"","caption":"Solex"},"image":{"@id":"https:\/\/solex.biz\/webinars\/#\/schema\/logo\/image\/"},"sameAs":["https:\/\/www.facebook.com\/solex.chile\/","https:\/\/x.com\/SOLEX_OFICIAL"]}]}},"_links":{"self":[{"href":"https:\/\/solex.biz\/webinars\/wp-json\/wp\/v2\/pages\/16685","targetHints":{"allow":["GET"]}}],"collection":[{"href":"https:\/\/solex.biz\/webinars\/wp-json\/wp\/v2\/pages"}],"about":[{"href":"https:\/\/solex.biz\/webinars\/wp-json\/wp\/v2\/types\/page"}],"author":[{"embeddable":true,"href":"https:\/\/solex.biz\/webinars\/wp-json\/wp\/v2\/users\/1"}],"replies":[{"embeddable":true,"href":"https:\/\/solex.biz\/webinars\/wp-json\/wp\/v2\/comments?post=16685"}],"version-history":[{"count":4,"href":"https:\/\/solex.biz\/webinars\/wp-json\/wp\/v2\/pages\/16685\/revisions"}],"predecessor-version":[{"id":25030,"href":"https:\/\/solex.biz\/webinars\/wp-json\/wp\/v2\/pages\/16685\/revisions\/25030"}],"wp:attachment":[{"href":"https:\/\/solex.biz\/webinars\/wp-json\/wp\/v2\/media?parent=16685"}],"curies":[{"name":"wp","href":"https:\/\/api.w.org\/{rel}","templated":true}]}}