{"id":10651,"date":"2020-04-27T10:44:19","date_gmt":"2020-04-27T15:44:19","guid":{"rendered":"https:\/\/solex.biz\/webinars?page_id=10651"},"modified":"2023-11-21T11:51:40","modified_gmt":"2023-11-21T16:51:40","slug":"webinar-ibm-maximo","status":"publish","type":"page","link":"https:\/\/solex.biz\/webinars\/webinar-ibm-maximo\/","title":{"rendered":"Webinar IBM Maximo"},"content":{"rendered":"<p>[et_pb_section fb_built=\u00bb1&#8243; next_background_color=\u00bb#ffffff\u00bb _builder_version=\u00bb4.22.1&#8243; background_image=\u00bbhttps:\/\/solex.biz\/webinars\/wp-content\/uploads\/2023\/11\/Banner-webinars-IBM.jpg\u00bb background_position=\u00bbcenter_right\u00bb custom_padding=\u00bb103px||76px||false|\u00bb bottom_divider_style=\u00bbcurve\u00bb bottom_divider_height=\u00bb70px\u00bb locked=\u00bboff\u00bb global_colors_info=\u00bb{}\u00bb][et_pb_row column_structure=\u00bb3_5,2_5&#8243; use_custom_gutter=\u00bbon\u00bb gutter_width=\u00bb1&#8243; make_equal=\u00bbon\u00bb _builder_version=\u00bb4.21.0&#8243; background_enable_color=\u00bboff\u00bb width=\u00bb84%\u00bb max_width=\u00bb100%\u00bb min_height=\u00bb250px\u00bb custom_padding=\u00bb22px||47px||false|\u00bb global_colors_info=\u00bb{}\u00bb][et_pb_column type=\u00bb3_5&#8243; _builder_version=\u00bb4.21.0&#8243; custom_css_main_element=\u00bbdisplay: flex;||flex-direction: column;||justify-content: center;\u00bb global_colors_info=\u00bb{}\u00bb][et_pb_text _builder_version=\u00bb4.22.1&#8243; text_text_color=\u00bb#ffffff\u00bb header_text_color=\u00bb#ffffff\u00bb header_font_size=\u00bb50px\u00bb width=\u00bb100%\u00bb custom_padding=\u00bb1px||0px|0px|false|false\u00bb global_colors_info=\u00bb{}\u00bb]<\/p>\n<h1 style=\"text-align: left;\">SOLEX CONECTA<\/h1>\n<p>[\/et_pb_text][et_pb_text _builder_version=\u00bb4.22.1&#8243; text_text_color=\u00bb#083185&#8243; text_font_size=\u00bb31px\u00bb header_text_color=\u00bb#ffffff\u00bb header_font_size=\u00bb5px\u00bb header_2_text_color=\u00bb#FFFFFF\u00bb header_3_text_color=\u00bb#FFFFFF\u00bb background_color=\u00bb#0097D3&#8243; text_orientation=\u00bbcenter\u00bb background_layout=\u00bbdark\u00bb width=\u00bb75.6%\u00bb custom_margin=\u00bb||9px|||\u00bb custom_padding=\u00bb10px|4px|10px|4px|true|true\u00bb border_radii=\u00bbon|38px|38px|38px|38px\u00bb global_colors_info=\u00bb{}\u00bb]<\/p>\n<p><strong>Webinars IBM Maximo 2023<\/strong><\/p>\n<p>[\/et_pb_text][et_pb_image src=\u00bbhttps:\/\/solex.biz\/webinars\/wp-content\/uploads\/2023\/11\/Solex-_IBM-negativo.png\u00bb title_text=\u00bbSolex +_IBM negativo\u00bb align=\u00bbcenter\u00bb _builder_version=\u00bb4.22.1&#8243; _module_preset=\u00bbdefault\u00bb width=\u00bb33%\u00bb custom_margin=\u00bb|||143px||\u00bb global_colors_info=\u00bb{}\u00bb][\/et_pb_image][\/et_pb_column][et_pb_column type=\u00bb2_5&#8243; _builder_version=\u00bb4.21.0&#8243; custom_css_main_element=\u00bbdisplay: flex;||flex-direction: column;||justify-content: center;\u00bb global_colors_info=\u00bb{}\u00bb][\/et_pb_column][\/et_pb_row][\/et_pb_section][et_pb_section fb_built=\u00bb1&#8243; disabled_on=\u00bboff|off|off\u00bb _builder_version=\u00bb4.21.0&#8243; custom_padding=\u00bb18px||19px||false|\u00bb global_colors_info=\u00bb{}\u00bb][et_pb_row _builder_version=\u00bb4.16&#8243; width=\u00bb70%\u00bb max_width=\u00bb100%\u00bb custom_padding=\u00bb10px||6px|||\u00bb locked=\u00bboff\u00bb global_colors_info=\u00bb{}\u00bb][et_pb_column type=\u00bb4_4&#8243; _builder_version=\u00bb4.16&#8243; global_colors_info=\u00bb{}\u00bb][et_pb_button button_url=\u00bbhttps:\/\/solex.biz\/webinars\/\u00bb url_new_window=\u00bbon\u00bb button_text=\u00bbAccede AQU\u00cd a la grabaci\u00f3n de los webinars anteriores\u00bb button_alignment=\u00bbcenter\u00bb _builder_version=\u00bb4.21.0&#8243; custom_button=\u00bbon\u00bb button_text_color=\u00bb#ffffff\u00bb button_bg_color=\u00bb#083185&#8243; button_border_width=\u00bb0px\u00bb button_border_radius=\u00bb100px\u00bb button_use_icon=\u00bboff\u00bb custom_margin=\u00bb51px||48px|||\u00bb custom_padding=\u00bb6px|||||\u00bb global_colors_info=\u00bb{}\u00bb][\/et_pb_button][et_pb_text _builder_version=\u00bb4.21.0&#8243; text_font=\u00bbAntipasto Pro|700|||||||\u00bb text_text_color=\u00bb#083185&#8243; text_font_size=\u00bb24px\u00bb header_text_color=\u00bb#ffffff\u00bb header_2_font=\u00bbAntipasto Pro|700|||||||\u00bb header_2_text_align=\u00bbcenter\u00bb header_2_font_size=\u00bb21px\u00bb text_orientation=\u00bbcenter\u00bb background_layout=\u00bbdark\u00bb custom_padding=\u00bb||40px||false|false\u00bb global_colors_info=\u00bb{}\u00bb]Temarios Principales[\/et_pb_text][\/et_pb_column][\/et_pb_row][et_pb_row column_structure=\u00bb1_3,1_3,1_3&#8243; use_custom_gutter=\u00bbon\u00bb gutter_width=\u00bb2&#8243; disabled_on=\u00bbon|on|on\u00bb _builder_version=\u00bb4.22.1&#8243; _module_preset=\u00bbdefault\u00bb background_enable_color=\u00bboff\u00bb width=\u00bb90%\u00bb max_width=\u00bb90%\u00bb disabled=\u00bbon\u00bb locked=\u00bboff\u00bb global_colors_info=\u00bb{}\u00bb][et_pb_column type=\u00bb1_3&#8243; _builder_version=\u00bb4.21.0&#8243; _module_preset=\u00bbdefault\u00bb custom_padding=\u00bb3%|1%|3%|1%|true|true\u00bb border_radii=\u00bbon|15px|15px|15px|15px\u00bb box_shadow_style=\u00bbpreset1&#8243; box_shadow_blur=\u00bb10px\u00bb global_colors_info=\u00bb{}\u00bb][et_pb_heading title=\u00bbMartes 21 de Noviembre\u00bb _builder_version=\u00bb4.22.1&#8243; _module_preset=\u00bbdefault\u00bb title_text_align=\u00bbcenter\u00bb title_text_color=\u00bb#0097D3&#8243; global_colors_info=\u00bb{}\u00bb][\/et_pb_heading][et_pb_text _builder_version=\u00bb4.22.1&#8243; _module_preset=\u00bbdefault\u00bb text_font=\u00bb|700|||||||\u00bb text_text_color=\u00bb#083185&#8243; text_font_size=\u00bb20px\u00bb text_orientation=\u00bbcenter\u00bb global_colors_info=\u00bb{}\u00bb]<\/p>\n<p>Taller | C\u00f3mo disminuir el riesgo de fallas en el sector electrico evitando el sobre-mantenimento<\/p>\n<p>[\/et_pb_text][et_pb_text _builder_version=\u00bb4.22.1&#8243; _module_preset=\u00bbdefault\u00bb global_colors_info=\u00bb{}\u00bb]<\/p>\n<p><b>Speaker: Javier Garc\u00eda<\/b><\/p>\n<p><span>Las empresas del sector el\u00e9ctrico tienen sus activos dispersos geogr\u00e1ficamente, as\u00ed como constantes cambios en las extensiones de sus redes. Entendemos como esto dificulta conocer la salud de sus activos y brindarles mantenimiento de manera adecuada.<\/span><\/p>\n<p class=\"x_MsoNormal\"><span class=\"ui-provider fz b c d e f g h i j k l m n o p q r s t u v w x y z ab ac ae af ag ah ai aj ak\" dir=\"ltr\"><strong>Durante este taller aprender\u00e1s a:<\/strong><\/span><\/p>\n<p style=\"padding-left: 40px;\"><span class=\"ui-provider fz b c d e f g h i j k l m n o p q r s t u v w x y z ab ac ae af ag ah ai aj ak\" dir=\"ltr\">\u2013\u00a0 \u00a0Conocer en forma oportuna la salud de los activos.\u00a0<br \/>\u2013\u00a0\u00a0\u00a0 Efectuar el mantenimiento de acuerdo a la condici\u00f3n del activo.<br \/>\u2013\u00a0\u00a0\u00a0 Reducir el mantenimiento no planeado hasta un 43%.<\/span><\/p>\n<p>[\/et_pb_text][et_pb_text _builder_version=\u00bb4.22.1&#8243; _module_preset=\u00bbdefault\u00bb text_font=\u00bb|700|||||||\u00bb text_text_color=\u00bb#083185&#8243; custom_margin=\u00bb||5px||false|false\u00bb global_colors_info=\u00bb{}\u00bb]<\/p>\n<p>Duraci\u00f3n: 60 minutos<\/p>\n<p>[\/et_pb_text][dsm_icon_list _builder_version=\u00bb4.22.1&#8243; _module_preset=\u00bbdefault\u00bb global_colors_info=\u00bb{}\u00bb][dsm_icon_list_child text=\u00bb09 AM \u2013 CO-PE-EC\u00bb font_icon=\u00bb&#xe046;||divi||400&#8243; icon_color=\u00bb#083185&#8243; icon_font_size=\u00bb18px\u00bb _builder_version=\u00bb4.21.0&#8243; _module_preset=\u00bbdefault\u00bb global_colors_info=\u00bb{}\u00bb][\/dsm_icon_list_child][dsm_icon_list_child text=\u00bb11 AM \u2013 Chile\u00bb font_icon=\u00bb&#xe046;||divi||400&#8243; icon_color=\u00bb#083185&#8243; icon_font_size=\u00bb18px\u00bb _builder_version=\u00bb4.22.1&#8243; _module_preset=\u00bbdefault\u00bb global_colors_info=\u00bb{}\u00bb][\/dsm_icon_list_child][\/dsm_icon_list][dsm_icon_list _builder_version=\u00bb4.21.0&#8243; _module_preset=\u00bbdefault\u00bb global_colors_info=\u00bb{}\u00bb][\/dsm_icon_list][et_pb_button button_url=\u00bbhttps:\/\/www.solex.biz\/disminuir-riesgo-fallas-sector-electrico\/\u00bb url_new_window=\u00bbon\u00bb button_text=\u00bbReg\u00edstrate aqu\u00ed\u00bb button_alignment=\u00bbcenter\u00bb _builder_version=\u00bb4.22.1&#8243; _module_preset=\u00bbdefault\u00bb custom_button=\u00bbon\u00bb button_text_color=\u00bb#ffffff\u00bb button_bg_color=\u00bb#083185&#8243; button_use_icon=\u00bboff\u00bb background_layout=\u00bbdark\u00bb custom_padding=\u00bb10px|30px|10px|30px|false|false\u00bb global_colors_info=\u00bb{}\u00bb][\/et_pb_button][\/et_pb_column][et_pb_column type=\u00bb1_3&#8243; _builder_version=\u00bb4.21.0&#8243; _module_preset=\u00bbdefault\u00bb global_colors_info=\u00bb{}\u00bb][\/et_pb_column][et_pb_column type=\u00bb1_3&#8243; _builder_version=\u00bb4.21.0&#8243; _module_preset=\u00bbdefault\u00bb global_colors_info=\u00bb{}\u00bb][\/et_pb_column][\/et_pb_row][et_pb_row _builder_version=\u00bb4.22.1&#8243; _module_preset=\u00bbdefault\u00bb global_colors_info=\u00bb{}\u00bb][et_pb_column type=\u00bb4_4&#8243; _builder_version=\u00bb4.22.1&#8243; _module_preset=\u00bbdefault\u00bb global_colors_info=\u00bb{}\u00bb][et_pb_heading title=\u00bbEspera pronto nuestra agenda de webinars para el 2024&#8243; _builder_version=\u00bb4.22.1&#8243; _module_preset=\u00bbdefault\u00bb title_text_align=\u00bbcenter\u00bb title_text_color=\u00bb#000000&#8243; global_colors_info=\u00bb{}\u00bb][\/et_pb_heading][\/et_pb_column][\/et_pb_row][et_pb_row _builder_version=\u00bb4.21.0&#8243; _module_preset=\u00bbdefault\u00bb locked=\u00bboff\u00bb global_colors_info=\u00bb{}\u00bb][et_pb_column type=\u00bb4_4&#8243; _builder_version=\u00bb4.21.0&#8243; _module_preset=\u00bbdefault\u00bb global_colors_info=\u00bb{}\u00bb][et_pb_text _builder_version=\u00bb4.21.0&#8243; _module_preset=\u00bbdefault\u00bb text_font=\u00bbAntipasto Pro|600|||||||\u00bb text_text_color=\u00bb#083185&#8243; text_orientation=\u00bbcenter\u00bb global_colors_info=\u00bb{}\u00bb]* Cercana a la fecha del webinar elegido, le enviaremos el link de acceso al Webex via correo electronico.[\/et_pb_text][\/et_pb_column][\/et_pb_row][\/et_pb_section][et_pb_section fb_built=\u00bb1&#8243; _builder_version=\u00bb4.18.0&#8243; background_color=\u00bb#083185&#8243; custom_padding=\u00bb8px|0px|0|0px|false|false\u00bb global_colors_info=\u00bb{}\u00bb][et_pb_row column_structure=\u00bb1_4,1_4,1_4,1_4&#8243; _builder_version=\u00bb4.16&#8243; background_enable_color=\u00bboff\u00bb background_size=\u00bbinitial\u00bb background_position=\u00bbtop_left\u00bb background_repeat=\u00bbrepeat\u00bb width=\u00bb100%\u00bb max_width=\u00bb100%\u00bb use_custom_width=\u00bbon\u00bb width_unit=\u00bboff\u00bb custom_width_percent=\u00bb100%\u00bb global_colors_info=\u00bb{}\u00bb][et_pb_column type=\u00bb1_4&#8243; _builder_version=\u00bb4.16&#8243; custom_padding=\u00bb|||\u00bb global_colors_info=\u00bb{}\u00bb custom_padding__hover=\u00bb|||\u00bb][et_pb_blurb title=\u00bbSolex Oficina en Chile\u00bb image=\u00bbhttps:\/\/solex.biz\/webinarswp-content\/uploads\/2019\/02\/001-chile-e1550817068379.png\u00bb _builder_version=\u00bb4.16&#8243; header_font=\u00bb||||||||\u00bb header_text_color=\u00bb#ffffff\u00bb text_orientation=\u00bbcenter\u00bb global_colors_info=\u00bb{}\u00bb]<\/p>\n<p style=\"text-align: center;\"><span style=\"color: #ffffff;\">Enrique Foster Norte 203<\/span><br \/><span style=\"color: #ffffff;\"> Las Condes, Santiago.<\/span><br \/><span style=\"color: #ffffff;\"> <a href=\"tel:+57 4 480 8980\" style=\"color: #ffffff;\"><i class=\"fa fa-phone\"><\/i>\u00a0Tel\u00e9fono:\u00a0<\/a><a href=\"tel: +56 22 923 2900\" style=\"color: #ffffff;\">+56 22 923 2900<\/a><a href=\"tel:+57 4 480 8980\" style=\"color: #ffffff;\"><\/a><\/span><br \/><span style=\"color: #ffffff;\"> <a href=\"mailto:  info.cl@solex.bizl\" style=\"color: #ffffff;\"><i class=\"fa fa-envelope\"><\/i>\u00a0 info.cl@solex.biz<\/a><\/span><\/p>\n<p style=\"text-align: center;\">[\/et_pb_blurb][\/et_pb_column][et_pb_column type=\u00bb1_4&#8243; _builder_version=\u00bb4.16&#8243; custom_padding=\u00bb|||\u00bb global_colors_info=\u00bb{}\u00bb custom_padding__hover=\u00bb|||\u00bb][et_pb_blurb title=\u00bbSolex Oficina en Colombia\u00bb image=\u00bbhttps:\/\/solex.biz\/webinarswp-content\/uploads\/2019\/02\/003-colombia-e1550817371708.png\u00bb _builder_version=\u00bb4.16&#8243; header_font=\u00bb||||||||\u00bb header_text_color=\u00bb#ffffff\u00bb text_orientation=\u00bbcenter\u00bb global_colors_info=\u00bb{}\u00bb]<\/p>\n<p style=\"text-align: center;\"><span style=\"color: #ffffff;\">Calle 7 Sur,\u00a0No. 42-70\u00a0Oficina 1309, Piso 13,\u00a0<\/span><\/p>\n<p> <span style=\"color: #ffffff;\"> Edificio FORUM, Poblado Medell\u00edn.<\/span><\/p>\n<p> <span style=\"color: #ffffff;\"> <a style=\"color: #ffffff;\" href=\"tel:+57 4 480 8980\"><i class=\"fa fa-phone\"><\/i>\u00a0Tel\u00e9fono:\u00a0<\/a><a style=\"color: #ffffff;\" href=\"tel:+57 4 480 8980\">+57 4 480 8980<\/a><\/span><\/p>\n<p> <span style=\"color: #ffffff;\"> <a style=\"color: #ffffff;\" href=\"tel:+57 4 480 8980\">\u00a0Whatsapp:\u00a0<\/a><a style=\"color: #ffffff;\" href=\"tel:+57 316 4576123\">+57 316 4576123<\/a><\/span><\/p>\n<p> <span style=\"color: #ffffff;\"> <a style=\"color: #ffffff;\" href=\"mailto:  info.co@solex.biz\"><i class=\"fa fa-envelope\"><\/i>\u00a0<\/a><a style=\"color: #ffffff;\" href=\"mailto: info.co@solex.biz\"> info.co@solex.biz<\/a><\/span><\/p>\n<p>[\/et_pb_blurb][\/et_pb_column][et_pb_column type=\u00bb1_4&#8243; _builder_version=\u00bb4.16&#8243; custom_padding=\u00bb|||\u00bb global_colors_info=\u00bb{}\u00bb custom_padding__hover=\u00bb|||\u00bb][et_pb_blurb title=\u00bbSolex Oficina en Per\u00fa\u00bb image=\u00bbhttps:\/\/solex.biz\/webinarswp-content\/uploads\/2019\/02\/004-peru-e1550817335832.png\u00bb _builder_version=\u00bb4.16&#8243; header_font=\u00bb||||||||\u00bb header_text_color=\u00bb#ffffff\u00bb text_orientation=\u00bbcenter\u00bb global_colors_info=\u00bb{}\u00bb]<\/p>\n<p style=\"text-align: center;\"><span><span style=\"color: #ffffff;\"><a href=\"tel:229232900\" style=\"color: #ffffff;\"><i class=\"fa fa-phone\"><\/i>\u00a0Tel\u00e9fono: <\/a><a href=\"tel:+51 1 706 2963\" style=\"color: #ffffff;\"><span style=\"color: #ffffff;\">+51 1 706 29<\/span>63<\/a><\/span><\/span><br \/> <span style=\"color: #ffffff;\"> <a href=\"mailto: info.pe@solex.biz\" style=\"color: #ffffff;\"><i class=\"fa fa-envelope\"><\/i> info.pe@solex.biz<\/a><\/span><\/p>\n<p>[\/et_pb_blurb][\/et_pb_column][et_pb_column type=\u00bb1_4&#8243; _builder_version=\u00bb4.16&#8243; custom_padding=\u00bb|||\u00bb global_colors_info=\u00bb{}\u00bb custom_padding__hover=\u00bb|||\u00bb][et_pb_blurb title=\u00bbSolex Oficina en Ecuador\u00bb image=\u00bbhttps:\/\/solex.biz\/webinarswp-content\/uploads\/2019\/02\/002-ecuador-e1550817400499.png\u00bb _builder_version=\u00bb4.16&#8243; header_font=\u00bb||||||||\u00bb header_text_color=\u00bb#ffffff\u00bb text_orientation=\u00bbcenter\u00bb global_colors_info=\u00bb{}\u00bb]<\/p>\n<p style=\"text-align: center;\"><span style=\"color: #ffffff;\"><a href=\"tel:+593 99 299 8038\" style=\"color: #ffffff;\"><i class=\"fa fa-phone\"><\/i>\u00a0Tel\u00e9fono:\u00a0<\/a><a href=\"tel:+593 99 299 8038\" style=\"color: #ffffff;\">+593 99 299 8038<\/a><\/span><br \/><span style=\"color: #ffffff;\"> <a href=\"mailto:  info.ec@solex.biz\" style=\"color: #ffffff;\"><i class=\"fa fa-envelope\"><\/i> info.ec@solex.biz<\/a><\/span><\/p>\n<p>[\/et_pb_blurb][\/et_pb_column][\/et_pb_row][\/et_pb_section]<\/p>\n","protected":false},"excerpt":{"rendered":"<p>SOLEX CONECTA Webinars IBM Maximo 2023Temarios PrincipalesTaller | C\u00f3mo disminuir el riesgo de fallas en el sector electrico evitando el sobre-mantenimentoSpeaker: Javier Garc\u00eda Las empresas del sector el\u00e9ctrico tienen sus activos dispersos geogr\u00e1ficamente, as\u00ed como constantes cambios en las extensiones de sus redes. Entendemos como esto dificulta conocer la salud de sus activos y brindarles [&hellip;]<\/p>\n","protected":false},"author":1,"featured_media":0,"parent":0,"menu_order":0,"comment_status":"closed","ping_status":"closed","template":"page-template-blank.php","meta":{"_et_pb_use_builder":"on","_et_pb_old_content":"","_et_gb_content_width":"","footnotes":""},"class_list":["post-10651","page","type-page","status-publish","hentry"],"yoast_head":"<!-- This site is optimized with the Yoast SEO plugin v27.3 - https:\/\/yoast.com\/product\/yoast-seo-wordpress\/ -->\n<title>Webinar IBM Maximo<\/title>\n<meta name=\"description\" content=\"Solex Conecta trae para ti webinars de IBM Maximo, participa en nuestros webinars.\" \/>\n<meta name=\"robots\" content=\"index, follow, max-snippet:-1, max-image-preview:large, max-video-preview:-1\" \/>\n<link rel=\"canonical\" href=\"https:\/\/solex.biz\/webinars\/webinar-ibm-maximo\/\" \/>\n<meta property=\"og:locale\" content=\"es_ES\" \/>\n<meta property=\"og:type\" content=\"article\" \/>\n<meta property=\"og:title\" content=\"Webinar IBM Maximo\" \/>\n<meta property=\"og:description\" content=\"Solex Conecta trae para ti webinars de IBM Maximo, participa en nuestros webinars.\" \/>\n<meta property=\"og:url\" content=\"https:\/\/solex.biz\/webinars\/webinar-ibm-maximo\/\" \/>\n<meta property=\"og:site_name\" content=\"Solex\" \/>\n<meta property=\"article:publisher\" content=\"https:\/\/www.facebook.com\/solex.chile\/\" \/>\n<meta property=\"article:modified_time\" content=\"2023-11-21T16:51:40+00:00\" \/>\n<meta name=\"twitter:card\" content=\"summary_large_image\" \/>\n<meta name=\"twitter:site\" content=\"@SOLEX_OFICIAL\" \/>\n<meta name=\"twitter:label1\" content=\"Tiempo de lectura\" \/>\n\t<meta name=\"twitter:data1\" content=\"3 minutos\" \/>\n<script type=\"application\/ld+json\" class=\"yoast-schema-graph\">{\"@context\":\"https:\\\/\\\/schema.org\",\"@graph\":[{\"@type\":\"WebPage\",\"@id\":\"https:\\\/\\\/solex.biz\\\/webinars\\\/webinar-ibm-maximo\\\/\",\"url\":\"https:\\\/\\\/solex.biz\\\/webinars\\\/webinar-ibm-maximo\\\/\",\"name\":\"Webinar IBM Maximo\",\"isPartOf\":{\"@id\":\"https:\\\/\\\/solex.biz\\\/webinars\\\/#website\"},\"datePublished\":\"2020-04-27T15:44:19+00:00\",\"dateModified\":\"2023-11-21T16:51:40+00:00\",\"description\":\"Solex Conecta trae para ti webinars de IBM Maximo, participa en nuestros webinars.\",\"breadcrumb\":{\"@id\":\"https:\\\/\\\/solex.biz\\\/webinars\\\/webinar-ibm-maximo\\\/#breadcrumb\"},\"inLanguage\":\"es\",\"potentialAction\":[{\"@type\":\"ReadAction\",\"target\":[\"https:\\\/\\\/solex.biz\\\/webinars\\\/webinar-ibm-maximo\\\/\"]}]},{\"@type\":\"BreadcrumbList\",\"@id\":\"https:\\\/\\\/solex.biz\\\/webinars\\\/webinar-ibm-maximo\\\/#breadcrumb\",\"itemListElement\":[{\"@type\":\"ListItem\",\"position\":1,\"name\":\"Portada\",\"item\":\"https:\\\/\\\/solex.biz\\\/webinars\\\/\"},{\"@type\":\"ListItem\",\"position\":2,\"name\":\"Webinar IBM Maximo\"}]},{\"@type\":\"WebSite\",\"@id\":\"https:\\\/\\\/solex.biz\\\/webinars\\\/#website\",\"url\":\"https:\\\/\\\/solex.biz\\\/webinars\\\/\",\"name\":\"Solex\",\"description\":\"\",\"publisher\":{\"@id\":\"https:\\\/\\\/solex.biz\\\/webinars\\\/#organization\"},\"potentialAction\":[{\"@type\":\"SearchAction\",\"target\":{\"@type\":\"EntryPoint\",\"urlTemplate\":\"https:\\\/\\\/solex.biz\\\/webinars\\\/?s={search_term_string}\"},\"query-input\":{\"@type\":\"PropertyValueSpecification\",\"valueRequired\":true,\"valueName\":\"search_term_string\"}}],\"inLanguage\":\"es\"},{\"@type\":\"Organization\",\"@id\":\"https:\\\/\\\/solex.biz\\\/webinars\\\/#organization\",\"name\":\"Solex\",\"url\":\"https:\\\/\\\/solex.biz\\\/webinars\\\/\",\"logo\":{\"@type\":\"ImageObject\",\"inLanguage\":\"es\",\"@id\":\"https:\\\/\\\/solex.biz\\\/webinars\\\/#\\\/schema\\\/logo\\\/image\\\/\",\"url\":\"\",\"contentUrl\":\"\",\"caption\":\"Solex\"},\"image\":{\"@id\":\"https:\\\/\\\/solex.biz\\\/webinars\\\/#\\\/schema\\\/logo\\\/image\\\/\"},\"sameAs\":[\"https:\\\/\\\/www.facebook.com\\\/solex.chile\\\/\",\"https:\\\/\\\/x.com\\\/SOLEX_OFICIAL\"]}]}<\/script>\n<!-- \/ Yoast SEO plugin. -->","yoast_head_json":{"title":"Webinar IBM Maximo","description":"Solex Conecta trae para ti webinars de IBM Maximo, participa en nuestros webinars.","robots":{"index":"index","follow":"follow","max-snippet":"max-snippet:-1","max-image-preview":"max-image-preview:large","max-video-preview":"max-video-preview:-1"},"canonical":"https:\/\/solex.biz\/webinars\/webinar-ibm-maximo\/","og_locale":"es_ES","og_type":"article","og_title":"Webinar IBM Maximo","og_description":"Solex Conecta trae para ti webinars de IBM Maximo, participa en nuestros webinars.","og_url":"https:\/\/solex.biz\/webinars\/webinar-ibm-maximo\/","og_site_name":"Solex","article_publisher":"https:\/\/www.facebook.com\/solex.chile\/","article_modified_time":"2023-11-21T16:51:40+00:00","twitter_card":"summary_large_image","twitter_site":"@SOLEX_OFICIAL","twitter_misc":{"Tiempo de lectura":"3 minutos"},"schema":{"@context":"https:\/\/schema.org","@graph":[{"@type":"WebPage","@id":"https:\/\/solex.biz\/webinars\/webinar-ibm-maximo\/","url":"https:\/\/solex.biz\/webinars\/webinar-ibm-maximo\/","name":"Webinar IBM Maximo","isPartOf":{"@id":"https:\/\/solex.biz\/webinars\/#website"},"datePublished":"2020-04-27T15:44:19+00:00","dateModified":"2023-11-21T16:51:40+00:00","description":"Solex Conecta trae para ti webinars de IBM Maximo, participa en nuestros webinars.","breadcrumb":{"@id":"https:\/\/solex.biz\/webinars\/webinar-ibm-maximo\/#breadcrumb"},"inLanguage":"es","potentialAction":[{"@type":"ReadAction","target":["https:\/\/solex.biz\/webinars\/webinar-ibm-maximo\/"]}]},{"@type":"BreadcrumbList","@id":"https:\/\/solex.biz\/webinars\/webinar-ibm-maximo\/#breadcrumb","itemListElement":[{"@type":"ListItem","position":1,"name":"Portada","item":"https:\/\/solex.biz\/webinars\/"},{"@type":"ListItem","position":2,"name":"Webinar IBM Maximo"}]},{"@type":"WebSite","@id":"https:\/\/solex.biz\/webinars\/#website","url":"https:\/\/solex.biz\/webinars\/","name":"Solex","description":"","publisher":{"@id":"https:\/\/solex.biz\/webinars\/#organization"},"potentialAction":[{"@type":"SearchAction","target":{"@type":"EntryPoint","urlTemplate":"https:\/\/solex.biz\/webinars\/?s={search_term_string}"},"query-input":{"@type":"PropertyValueSpecification","valueRequired":true,"valueName":"search_term_string"}}],"inLanguage":"es"},{"@type":"Organization","@id":"https:\/\/solex.biz\/webinars\/#organization","name":"Solex","url":"https:\/\/solex.biz\/webinars\/","logo":{"@type":"ImageObject","inLanguage":"es","@id":"https:\/\/solex.biz\/webinars\/#\/schema\/logo\/image\/","url":"","contentUrl":"","caption":"Solex"},"image":{"@id":"https:\/\/solex.biz\/webinars\/#\/schema\/logo\/image\/"},"sameAs":["https:\/\/www.facebook.com\/solex.chile\/","https:\/\/x.com\/SOLEX_OFICIAL"]}]}},"_links":{"self":[{"href":"https:\/\/solex.biz\/webinars\/wp-json\/wp\/v2\/pages\/10651","targetHints":{"allow":["GET"]}}],"collection":[{"href":"https:\/\/solex.biz\/webinars\/wp-json\/wp\/v2\/pages"}],"about":[{"href":"https:\/\/solex.biz\/webinars\/wp-json\/wp\/v2\/types\/page"}],"author":[{"embeddable":true,"href":"https:\/\/solex.biz\/webinars\/wp-json\/wp\/v2\/users\/1"}],"replies":[{"embeddable":true,"href":"https:\/\/solex.biz\/webinars\/wp-json\/wp\/v2\/comments?post=10651"}],"version-history":[{"count":10,"href":"https:\/\/solex.biz\/webinars\/wp-json\/wp\/v2\/pages\/10651\/revisions"}],"predecessor-version":[{"id":25171,"href":"https:\/\/solex.biz\/webinars\/wp-json\/wp\/v2\/pages\/10651\/revisions\/25171"}],"wp:attachment":[{"href":"https:\/\/solex.biz\/webinars\/wp-json\/wp\/v2\/media?parent=10651"}],"curies":[{"name":"wp","href":"https:\/\/api.w.org\/{rel}","templated":true}]}}